{"id":169,"date":"2026-04-19T19:10:21","date_gmt":"2026-04-19T17:10:21","guid":{"rendered":"https:\/\/plnatlamka.cz\/?page_id=169"},"modified":"2026-04-20T21:21:29","modified_gmt":"2026-04-20T19:21:29","slug":"vseobecne-obchodni-podminky","status":"publish","type":"page","link":"https:\/\/plnatlamka.cz\/index.php\/vseobecne-obchodni-podminky\/","title":{"rendered":"V\u0161eobecn\u00e9 obchodn\u00ed podm\u00ednky"},"content":{"rendered":"\n<h1 class=\"wp-block-heading\">V\u0161eobecn\u00e9 obchodn\u00ed podm\u00ednky (VOP)<\/h1>\n\n\n\n<h3 class=\"wp-block-heading\">1. \u00davodn\u00ed ustanoven\u00ed<\/h3>\n\n\n\n<p>Tyto obchodn\u00ed podm\u00ednky plat\u00ed pro n\u00e1kup v internetov\u00e9m obchod\u011b <strong>Pln\u00e1 tlamka<\/strong>, provozovan\u00e9m na adrese https:\/\/plnatlamka.cz.<\/p>\n\n\n\n<ul class=\"wp-block-list\">\n<li><strong>Provozovatel:<\/strong> Michal Male\u0148\u00e1k<\/li>\n\n\n\n<li><strong>S\u00eddlo:<\/strong> Poto\u010dn\u00ed 350, Pru\u0161\u00e1nky 69621<\/li>\n\n\n\n<li><strong>I\u010c:<\/strong> 00947393<\/li>\n\n\n\n<li><strong>Nepl\u00e1tce DPH<\/strong><\/li>\n\n\n\n<li><strong>Kontakt:<\/strong> info@plnatlamka.cz<\/li>\n\n\n\n<li><strong>Telefon:<\/strong> +420 773 644 502<\/li>\n<\/ul>\n\n\n\n<p>Podm\u00ednky bl\u00ed\u017ee vymezuj\u00ed a up\u0159es\u0148uj\u00ed pr\u00e1va a povinnosti prod\u00e1vaj\u00edc\u00edho (podnikatel) a kupuj\u00edc\u00edho (spot\u0159ebitel).<\/p>\n\n\n\n<h3 class=\"wp-block-heading\">2. Informace o zbo\u017e\u00ed a cen\u00e1ch<\/h3>\n\n\n\n<ul class=\"wp-block-list\">\n<li>Informace o zbo\u017e\u00ed v\u010detn\u011b cen jsou uvedeny u jednotliv\u00fdch polo\u017eek v katalogu.<\/li>\n\n\n\n<li>Ceny jsou kone\u010dn\u00e9 (provozovatel nen\u00ed pl\u00e1tcem DPH).<\/li>\n\n\n\n<li>Ceny nezahrnuj\u00ed n\u00e1klady na doru\u010den\u00ed, kter\u00e9 jsou vy\u010d\u00edsleny v n\u00e1kupn\u00edm ko\u0161\u00edku p\u0159ed dokon\u010den\u00edm objedn\u00e1vky.<\/li>\n<\/ul>\n\n\n\n<h3 class=\"wp-block-heading\">3. Objedn\u00e1vka a uzav\u0159en\u00ed kupn\u00ed smlouvy<\/h3>\n\n\n\n<ul class=\"wp-block-list\">\n<li>Kupuj\u00edc\u00ed prov\u00e1d\u00ed objedn\u00e1vku prost\u0159ednictv\u00edm e-shopu (vlo\u017een\u00edm do ko\u0161\u00edku a odesl\u00e1n\u00edm formul\u00e1\u0159e).<\/li>\n\n\n\n<li>Odesl\u00e1n\u00edm objedn\u00e1vky kupuj\u00edc\u00ed potvrzuje, \u017ee se sezn\u00e1mil s t\u011bmito VOP a souhlas\u00ed s nimi.<\/li>\n\n\n\n<li>Kupn\u00ed smlouva vznik\u00e1 v okam\u017eiku potvrzen\u00ed objedn\u00e1vky prod\u00e1vaj\u00edc\u00edm na e-mail kupuj\u00edc\u00edho.<\/li>\n<\/ul>\n\n\n\n<h3 class=\"wp-block-heading\">4. Platebn\u00ed podm\u00ednky a dod\u00e1n\u00ed zbo\u017e\u00ed<\/h3>\n\n\n\n<ul class=\"wp-block-list\">\n<li><strong>Zp\u016fsoby platby:<\/strong> Bankovn\u00ed p\u0159evod, platebn\u00ed br\u00e1na GoPay<\/li>\n\n\n\n<li><strong>Zp\u016fsoby dod\u00e1n\u00ed:<\/strong> Z\u00e1silkovna<\/li>\n\n\n\n<li>Zbo\u017e\u00ed, kter\u00e9 je skladem, odes\u00edl\u00e1 prod\u00e1vaj\u00edc\u00ed zpravidla do 2 pracovn\u00edch dn\u016f od p\u0159ijet\u00ed platby.<\/li>\n<\/ul>\n\n\n\n<h3 class=\"wp-block-heading\">5. Odstoupen\u00ed od smlouvy (Vr\u00e1cen\u00ed zbo\u017e\u00ed)<\/h3>\n\n\n\n<ul class=\"wp-block-list\">\n<li>Kupuj\u00edc\u00ed m\u00e1 podle \u00a7 1829 ob\u010dansk\u00e9ho z\u00e1kon\u00edku pr\u00e1vo odstoupit od smlouvy bez ud\u00e1n\u00ed d\u016fvodu <strong>do 14 dn\u016f<\/strong> od p\u0159evzet\u00ed zbo\u017e\u00ed.<\/li>\n\n\n\n<li>Zbo\u017e\u00ed mus\u00ed b\u00fdt vr\u00e1ceno nepo\u0161kozen\u00e9, v p\u016fvodn\u00edm obalu a bez zn\u00e1mek pou\u017e\u00edv\u00e1n\u00ed. U krmiv nesm\u00ed doj\u00edt k poru\u0161en\u00ed hygienick\u00e9ho uz\u00e1v\u011bru (otev\u0159en\u00ed balen\u00ed).<\/li>\n\n\n\n<li>N\u00e1klady na vr\u00e1cen\u00ed zbo\u017e\u00ed nese kupuj\u00edc\u00ed.<\/li>\n<\/ul>\n\n\n\n<h3 class=\"wp-block-heading\">6. Pr\u00e1va z vadn\u00e9ho pln\u011bn\u00ed (Reklamace)<\/h3>\n\n\n\n<ul class=\"wp-block-list\">\n<li>Prod\u00e1vaj\u00edc\u00ed odpov\u00edd\u00e1 za to, \u017ee zbo\u017e\u00ed p\u0159i p\u0159evzet\u00ed nem\u00e1 vady.<\/li>\n\n\n\n<li>Z\u00e1ru\u010dn\u00ed doba na spot\u0159ebn\u00ed zbo\u017e\u00ed je 24 m\u011bs\u00edc\u016f (u krmiv je omezena datem minim\u00e1ln\u00ed trvanlivosti uveden\u00fdm na obalu).<\/li>\n\n\n\n<li>Reklamaci uplat\u0148uje kupuj\u00edc\u00ed e-mailem nebo po\u0161tou na adresu s\u00eddla.<\/li>\n<\/ul>\n\n\n\n<h3 class=\"wp-block-heading\">7. Ochrana osobn\u00edch \u00fadaj\u016f (GDPR)<\/h3>\n\n\n\n<ul class=\"wp-block-list\">\n<li>Prod\u00e1vaj\u00edc\u00ed zpracov\u00e1v\u00e1 osobn\u00ed \u00fadaje kupuj\u00edc\u00edho (jm\u00e9no, adresa, e-mail, telefon) v\u00fdhradn\u011b za \u00fa\u010delem vy\u0159\u00edzen\u00ed objedn\u00e1vky a pln\u011bn\u00ed z\u00e1konn\u00fdch povinnost\u00ed.<\/li>\n\n\n\n<li>Podrobn\u00e9 z\u00e1sady ochrany osobn\u00edch \u00fadaj\u016f jsou k dispozici na samostatn\u00e9 str\u00e1nce e-shopu.<\/li>\n<\/ul>\n\n\n\n<h3 class=\"wp-block-heading\">8. Z\u00e1v\u011bre\u010dn\u00e1 ustanoven\u00ed<\/h3>\n\n\n\n<ul class=\"wp-block-list\">\n<li>Tyto VOP jsou \u00fa\u010dinn\u00e9 od 19.4.2026.<\/li>\n\n\n\n<li>Prod\u00e1vaj\u00edc\u00ed si vyhrazuje pr\u00e1vo na zm\u011bnu VOP.<\/li>\n<\/ul>\n","protected":false},"excerpt":{"rendered":"<p>V\u0161eobecn\u00e9 obchodn\u00ed podm\u00ednky (VOP) 1. \u00davodn\u00ed ustanoven\u00ed Tyto obchodn\u00ed podm\u00ednky plat\u00ed pro n\u00e1kup v internetov\u00e9m obchod\u011b Pln\u00e1 tlamka, provozovan\u00e9m na [&hellip;]<\/p>\n","protected":false},"author":1,"featured_media":0,"parent":0,"menu_order":0,"comment_status":"closed","ping_status":"closed","template":"","meta":{"site-sidebar-layout":"default","site-content-layout":"","ast-site-content-layout":"default","site-content-style":"default","site-sidebar-style":"default","ast-global-header-display":"","ast-banner-title-visibility":"","ast-main-header-display":"","ast-hfb-above-header-display":"","ast-hfb-below-header-display":"","ast-hfb-mobile-header-display":"","site-post-title":"disabled","ast-breadcrumbs-content":"","ast-featured-img":"","footer-sml-layout":"","ast-disable-related-posts":"","theme-transparent-header-meta":"","adv-header-id-meta":"","stick-header-meta":"","header-above-stick-meta":"","header-main-stick-meta":"","header-below-stick-meta":"","astra-migrate-meta-layouts":"default","ast-page-background-enabled":"default","ast-page-background-meta":{"desktop":{"background-color":"var(--ast-global-color-5)","background-image":"","background-repeat":"repeat","background-position":"center center","background-size":"auto","background-attachment":"scroll","background-type":"","background-media":"","overlay-type":"","overlay-color":"","overlay-opacity":"","overlay-gradient":""},"tablet":{"background-color":"","background-image":"","background-repeat":"repeat","background-position":"center center","background-size":"auto","background-attachment":"scroll","background-type":"","background-media":"","overlay-type":"","overlay-color":"","overlay-opacity":"","overlay-gradient":""},"mobile":{"background-color":"","background-image":"","background-repeat":"repeat","background-position":"center center","background-size":"auto","background-attachment":"scroll","background-type":"","background-media":"","overlay-type":"","overlay-color":"","overlay-opacity":"","overlay-gradient":""}},"ast-content-background-meta":{"desktop":{"background-color":"var(--ast-global-color-4)","background-image":"","background-repeat":"repeat","background-position":"center center","background-size":"auto","background-attachment":"scroll","background-type":"","background-media":"","overlay-type":"","overlay-color":"","overlay-opacity":"","overlay-gradient":""},"tablet":{"background-color":"var(--ast-global-color-4)","background-image":"","background-repeat":"repeat","background-position":"center center","background-size":"auto","background-attachment":"scroll","background-type":"","background-media":"","overlay-type":"","overlay-color":"","overlay-opacity":"","overlay-gradient":""},"mobile":{"background-color":"var(--ast-global-color-4)","background-image":"","background-repeat":"repeat","background-position":"center center","background-size":"auto","background-attachment":"scroll","background-type":"","background-media":"","overlay-type":"","overlay-color":"","overlay-opacity":"","overlay-gradient":""}},"footnotes":""},"class_list":["post-169","page","type-page","status-publish","hentry"],"_links":{"self":[{"href":"https:\/\/plnatlamka.cz\/index.php\/wp-json\/wp\/v2\/pages\/169","targetHints":{"allow":["GET"]}}],"collection":[{"href":"https:\/\/plnatlamka.cz\/index.php\/wp-json\/wp\/v2\/pages"}],"about":[{"href":"https:\/\/plnatlamka.cz\/index.php\/wp-json\/wp\/v2\/types\/page"}],"author":[{"embeddable":true,"href":"https:\/\/plnatlamka.cz\/index.php\/wp-json\/wp\/v2\/users\/1"}],"replies":[{"embeddable":true,"href":"https:\/\/plnatlamka.cz\/index.php\/wp-json\/wp\/v2\/comments?post=169"}],"version-history":[{"count":3,"href":"https:\/\/plnatlamka.cz\/index.php\/wp-json\/wp\/v2\/pages\/169\/revisions"}],"predecessor-version":[{"id":208,"href":"https:\/\/plnatlamka.cz\/index.php\/wp-json\/wp\/v2\/pages\/169\/revisions\/208"}],"wp:attachment":[{"href":"https:\/\/plnatlamka.cz\/index.php\/wp-json\/wp\/v2\/media?parent=169"}],"curies":[{"name":"wp","href":"https:\/\/api.w.org\/{rel}","templated":true}]}}