{"id":3,"date":"2026-04-16T21:33:09","date_gmt":"2026-04-16T19:33:09","guid":{"rendered":"http:\/\/plnatlamka.cz\/?page_id=3"},"modified":"2026-04-20T21:18:18","modified_gmt":"2026-04-20T19:18:18","slug":"ochrana-osobnich-udaju","status":"publish","type":"page","link":"https:\/\/plnatlamka.cz\/index.php\/ochrana-osobnich-udaju\/","title":{"rendered":"Z\u00e1sady ochrany osobn\u00edch \u00fadaj\u016f"},"content":{"rendered":"\n<h2 class=\"wp-block-heading\"><strong>Z\u00e1sady ochrany osobn\u00edch \u00fadaj\u016f (GDPR)<\/strong><\/h2>\n\n\n\n<p>Tyto z\u00e1sady ochrany osobn\u00edch \u00fadaj\u016f (d\u00e1le jen \u201eZ\u00e1sady\u201c) informuj\u00ed o tom, jak\u00fdm zp\u016fsobem jsou shroma\u017e\u010fov\u00e1ny, pou\u017e\u00edv\u00e1ny a chr\u00e1n\u011bny osobn\u00ed \u00fadaje v souvislosti s provozem e-shopu <strong>plnatlamka.cz<\/strong>.<\/p>\n\n\n\n<h2 class=\"wp-block-heading\"><strong>1. Spr\u00e1vce osobn\u00edch \u00fadaj\u016f<\/strong><\/h2>\n\n\n\n<p>Spr\u00e1vcem osobn\u00edch \u00fadaj\u016f podle \u010dl. 4 bod 7 na\u0159\u00edzen\u00ed Evropsk\u00e9ho parlamentu a Rady (EU) 2016\/679 o ochran\u011b fyzick\u00fdch osob v souvislosti se zpracov\u00e1n\u00edm osobn\u00edch \u00fadaj\u016f a o voln\u00e9m pohybu t\u011bchto \u00fadaj\u016f (d\u00e1le jen: \u201eGDPR\u201d) je:<\/p>\n\n\n\n<ul class=\"wp-block-list\">\n<li><strong>Jm\u00e9no:<\/strong> Michal Male\u0148\u00e1k<\/li>\n\n\n\n<li><strong>I\u010c:<\/strong> 00947393<\/li>\n\n\n\n<li><strong>S\u00eddlo:<\/strong> Poto\u010dn\u00ed 350, Pru\u0161\u00e1nky 696 21<\/li>\n\n\n\n<li><strong>E-mail:<\/strong> info@plnatlamka.cz<\/li>\n\n\n\n<li><strong>Telefon:<\/strong> +420 773 644 502<\/li>\n<\/ul>\n\n\n\n<h2 class=\"wp-block-heading\"><strong>2. \u00da\u010dely a pr\u00e1vn\u00ed z\u00e1klady zpracov\u00e1n\u00ed<\/strong><\/h2>\n\n\n\n<p>Va\u0161e osobn\u00ed \u00fadaje zpracov\u00e1v\u00e1me z n\u00e1sleduj\u00edc\u00edch d\u016fvod\u016f:<\/p>\n\n\n\n<figure class=\"wp-block-table\"><table class=\"has-fixed-layout\"><thead><tr><th>\u00da\u010del zpracov\u00e1n\u00ed<\/th><th>Pr\u00e1vn\u00ed z\u00e1klad<\/th><\/tr><\/thead><tbody><tr><td>Vy\u0159\u00edzen\u00ed objedn\u00e1vky a pln\u011bn\u00ed smlouvy<\/td><td>Pln\u011bn\u00ed smlouvy (\u010dl. 6 odst. 1 p\u00edsm. b) GDPR)<\/td><\/tr><tr><td>Veden\u00ed \u00fa\u010detnictv\u00ed a da\u0148ov\u00e1 evidence<\/td><td>Pln\u011bn\u00ed pr\u00e1vn\u00ed povinnosti (\u010dl. 6 odst. 1 p\u00edsm. c) GDPR)<\/td><\/tr><tr><td>Z\u00e1kaznick\u00e1 podpora a komunikace<\/td><td>Opr\u00e1vn\u011bn\u00fd z\u00e1jem (\u010dl. 6 odst. 1 p\u00edsm. f) GDPR)<\/td><\/tr><\/tbody><\/table><\/figure>\n\n\n\n<h2 class=\"wp-block-heading\"><strong>3. Rozsah zpracov\u00e1van\u00fdch \u00fadaj\u016f<\/strong><\/h2>\n\n\n\n<p>Zpracov\u00e1v\u00e1me pouze \u00fadaje, kter\u00e9 n\u00e1m poskytnete v souvislosti s n\u00e1kupem:<\/p>\n\n\n\n<ul class=\"wp-block-list\">\n<li>Jm\u00e9no a p\u0159\u00edjmen\u00ed<\/li>\n\n\n\n<li>Faktura\u010dn\u00ed a doru\u010dovac\u00ed adresa<\/li>\n\n\n\n<li>E-mailov\u00e1 adresa<\/li>\n\n\n\n<li>Telefonn\u00ed \u010d\u00edslo<\/li>\n<\/ul>\n\n\n\n<h2 class=\"wp-block-heading\"><strong>4. P\u0159\u00edjemci osobn\u00edch \u00fadaj\u016f<\/strong><\/h2>\n\n\n\n<p>Va\u0161e osobn\u00ed \u00fadaje p\u0159ed\u00e1v\u00e1me t\u0159et\u00edm stran\u00e1m pouze v nezbytn\u00e9m rozsahu pro zaji\u0161t\u011bn\u00ed chodu e-shopu:<\/p>\n\n\n\n<ol class=\"wp-block-list\">\n<li><strong>Dopravci:<\/strong> Pro \u00fa\u010dely doru\u010den\u00ed zbo\u017e\u00ed (nap\u0159. Z\u00e1silkovna, \u010cesk\u00e1 po\u0161ta).<\/li>\n\n\n\n<li><strong>Poskytovatel hostingu:<\/strong> Pro provoz webov\u00fdch str\u00e1nek.<\/li>\n\n\n\n<li><strong>Extern\u00ed \u00fa\u010detn\u00ed:<\/strong> Pro spln\u011bn\u00ed z\u00e1konn\u00fdch povinnost\u00ed (fakturace).<\/li>\n<\/ol>\n\n\n\n<h2 class=\"wp-block-heading\"><strong>5. Doba uchov\u00e1v\u00e1n\u00ed \u00fadaj\u016f<\/strong><\/h2>\n\n\n\n<p>Osobn\u00ed \u00fadaje uchov\u00e1v\u00e1me po dobu nezbytnou k v\u00fdkonu pr\u00e1v a povinnost\u00ed vypl\u00fdvaj\u00edc\u00edch ze smluvn\u00edho vztahu (zpravidla 2 roky) a po dobu vy\u017eadovanou z\u00e1konem o \u00fa\u010detnictv\u00ed (10 let u da\u0148ov\u00fdch doklad\u016f).<\/p>\n\n\n\n<h2 class=\"wp-block-heading\"><strong>6. Va\u0161e pr\u00e1va<\/strong><\/h2>\n\n\n\n<p>V souvislosti s ochranou osobn\u00edch \u00fadaj\u016f m\u00e1te n\u00e1sleduj\u00edc\u00ed pr\u00e1va:<\/p>\n\n\n\n<ul class=\"wp-block-list\">\n<li>Pr\u00e1vo na p\u0159\u00edstup ke sv\u00fdm osobn\u00edm \u00fadaj\u016fm.<\/li>\n\n\n\n<li>Pr\u00e1vo na opravu nebo dopln\u011bn\u00ed \u00fadaj\u016f.<\/li>\n\n\n\n<li>Pr\u00e1vo na v\u00fdmaz (pr\u00e1vo \u201eb\u00fdt zapomenut\u201c), pokud ji\u017e \u00fadaje nejsou pot\u0159eba.<\/li>\n\n\n\n<li>Pr\u00e1vo na omezen\u00ed zpracov\u00e1n\u00ed.<\/li>\n\n\n\n<li>Pr\u00e1vo podat st\u00ed\u017enost u \u00da\u0159adu pro ochranu osobn\u00edch \u00fadaj\u016f (\u00daOO\u00da).<\/li>\n<\/ul>\n\n\n\n<h2 class=\"wp-block-heading\"><strong>7. Zabezpe\u010den\u00ed dat<\/strong><\/h2>\n\n\n\n<p>Prohla\u0161ujeme, \u017ee jsme p\u0159ijali ve\u0161ker\u00e1 vhodn\u00e1 technick\u00e1 a organiza\u010dn\u00ed opat\u0159en\u00ed k zabezpe\u010den\u00ed osobn\u00edch \u00fadaj\u016f. P\u0159\u00edstup k dat\u016fm maj\u00ed pouze pov\u011b\u0159en\u00e9 osoby.<\/p>\n\n\n\n<p>Tyto z\u00e1sady jsou \u00fa\u010dinn\u00e9 od 20.4.2026.<\/p>\n","protected":false},"excerpt":{"rendered":"<p>Z\u00e1sady ochrany osobn\u00edch \u00fadaj\u016f (GDPR) Tyto z\u00e1sady ochrany osobn\u00edch \u00fadaj\u016f (d\u00e1le jen \u201eZ\u00e1sady\u201c) informuj\u00ed o tom, jak\u00fdm zp\u016fsobem jsou shroma\u017e\u010fov\u00e1ny, [&hellip;]<\/p>\n","protected":false},"author":1,"featured_media":0,"parent":0,"menu_order":0,"comment_status":"closed","ping_status":"open","template":"","meta":{"site-sidebar-layout":"default","site-content-layout":"","ast-site-content-layout":"default","site-content-style":"default","site-sidebar-style":"default","ast-global-header-display":"","ast-banner-title-visibility":"","ast-main-header-display":"","ast-hfb-above-header-display":"","ast-hfb-below-header-display":"","ast-hfb-mobile-header-display":"","site-post-title":"","ast-breadcrumbs-content":"","ast-featured-img":"","footer-sml-layout":"","ast-disable-related-posts":"","theme-transparent-header-meta":"","adv-header-id-meta":"","stick-header-meta":"","header-above-stick-meta":"","header-main-stick-meta":"","header-below-stick-meta":"","astra-migrate-meta-layouts":"default","ast-page-background-enabled":"default","ast-page-background-meta":{"desktop":{"background-color":"var(--ast-global-color-5)","background-image":"","background-repeat":"repeat","background-position":"center center","background-size":"auto","background-attachment":"scroll","background-type":"","background-media":"","overlay-type":"","overlay-color":"","overlay-opacity":"","overlay-gradient":""},"tablet":{"background-color":"","background-image":"","background-repeat":"repeat","background-position":"center center","background-size":"auto","background-attachment":"scroll","background-type":"","background-media":"","overlay-type":"","overlay-color":"","overlay-opacity":"","overlay-gradient":""},"mobile":{"background-color":"","background-image":"","background-repeat":"repeat","background-position":"center center","background-size":"auto","background-attachment":"scroll","background-type":"","background-media":"","overlay-type":"","overlay-color":"","overlay-opacity":"","overlay-gradient":""}},"ast-content-background-meta":{"desktop":{"background-color":"var(--ast-global-color-4)","background-image":"","background-repeat":"repeat","background-position":"center center","background-size":"auto","background-attachment":"scroll","background-type":"","background-media":"","overlay-type":"","overlay-color":"","overlay-opacity":"","overlay-gradient":""},"tablet":{"background-color":"var(--ast-global-color-4)","background-image":"","background-repeat":"repeat","background-position":"center center","background-size":"auto","background-attachment":"scroll","background-type":"","background-media":"","overlay-type":"","overlay-color":"","overlay-opacity":"","overlay-gradient":""},"mobile":{"background-color":"var(--ast-global-color-4)","background-image":"","background-repeat":"repeat","background-position":"center center","background-size":"auto","background-attachment":"scroll","background-type":"","background-media":"","overlay-type":"","overlay-color":"","overlay-opacity":"","overlay-gradient":""}},"footnotes":""},"class_list":["post-3","page","type-page","status-publish","hentry"],"_links":{"self":[{"href":"https:\/\/plnatlamka.cz\/index.php\/wp-json\/wp\/v2\/pages\/3","targetHints":{"allow":["GET"]}}],"collection":[{"href":"https:\/\/plnatlamka.cz\/index.php\/wp-json\/wp\/v2\/pages"}],"about":[{"href":"https:\/\/plnatlamka.cz\/index.php\/wp-json\/wp\/v2\/types\/page"}],"author":[{"embeddable":true,"href":"https:\/\/plnatlamka.cz\/index.php\/wp-json\/wp\/v2\/users\/1"}],"replies":[{"embeddable":true,"href":"https:\/\/plnatlamka.cz\/index.php\/wp-json\/wp\/v2\/comments?post=3"}],"version-history":[{"count":2,"href":"https:\/\/plnatlamka.cz\/index.php\/wp-json\/wp\/v2\/pages\/3\/revisions"}],"predecessor-version":[{"id":206,"href":"https:\/\/plnatlamka.cz\/index.php\/wp-json\/wp\/v2\/pages\/3\/revisions\/206"}],"wp:attachment":[{"href":"https:\/\/plnatlamka.cz\/index.php\/wp-json\/wp\/v2\/media?parent=3"}],"curies":[{"name":"wp","href":"https:\/\/api.w.org\/{rel}","templated":true}]}}