{"id":51,"date":"2026-04-17T20:48:23","date_gmt":"2026-04-17T18:48:23","guid":{"rendered":"https:\/\/plnatlamka.cz\/?page_id=51"},"modified":"2026-04-19T17:17:16","modified_gmt":"2026-04-19T15:17:16","slug":"domu","status":"publish","type":"page","link":"https:\/\/plnatlamka.cz\/","title":{"rendered":"\u00davod"},"content":{"rendered":"\t\t<div data-elementor-type=\"wp-page\" data-elementor-id=\"51\" class=\"elementor elementor-51\">\n\t\t\t\t<div class=\"elementor-element elementor-element-4041d2d e-con-full e-flex e-con e-parent\" data-id=\"4041d2d\" data-element_type=\"container\" data-e-type=\"container\" data-settings=\"{&quot;background_background&quot;:&quot;classic&quot;}\">\n\t\t\t\t<div class=\"elementor-element elementor-element-c7c083d elementor-widget elementor-widget-heading\" data-id=\"c7c083d\" data-element_type=\"widget\" data-e-type=\"widget\" data-widget_type=\"heading.default\">\n\t\t\t\t\t<h2 class=\"elementor-heading-title elementor-size-default\">Pln\u00e1 tlamka, spokojen\u00e9 ryby<\/h2>\t\t\t\t<\/div>\n\t\t\t\t<div class=\"elementor-element elementor-element-a2e5460 elementor-widget elementor-widget-text-editor\" data-id=\"a2e5460\" data-element_type=\"widget\" data-e-type=\"widget\" data-widget_type=\"text-editor.default\">\n\t\t\t\t\t\t\t\t\t<p>Kvalitn\u00ed krmivo pro va\u0161e akv\u00e1rium<\/p>\t\t\t\t\t\t\t\t<\/div>\n\t\t\t\t<div class=\"elementor-element elementor-element-5c37996 elementor-align-center elementor-widget elementor-widget-button\" data-id=\"5c37996\" data-element_type=\"widget\" data-e-type=\"widget\" data-widget_type=\"button.default\">\n\t\t\t\t\t\t\t\t\t\t<a class=\"elementor-button elementor-button-link elementor-size-sm\" href=\"https:\/\/plnatlamka.cz\/index.php\/obchod\/\">\n\t\t\t\t\t\t<span class=\"elementor-button-content-wrapper\">\n\t\t\t\t\t\t\t\t\t<span class=\"elementor-button-text\">Nakoupit krmivo<\/span>\n\t\t\t\t\t<\/span>\n\t\t\t\t\t<\/a>\n\t\t\t\t\t\t\t\t<\/div>\n\t\t\t\t<\/div>\n\t\t<div class=\"elementor-element elementor-element-9e1e4ef e-con-full e-flex e-con e-parent\" data-id=\"9e1e4ef\" data-element_type=\"container\" data-e-type=\"container\">\n\t\t\t\t<div class=\"elementor-element elementor-element-487a381 elementor-position-top elementor-widget elementor-widget-image-box\" data-id=\"487a381\" data-element_type=\"widget\" data-e-type=\"widget\" data-widget_type=\"image-box.default\">\n\t\t\t\t\t<div class=\"elementor-image-box-wrapper\"><figure class=\"elementor-image-box-img\"><a href=\"https:\/\/plnatlamka.cz\/index.php\/kategorie-produktu\/krmivo-pro-ryby\/\" tabindex=\"-1\"><img decoding=\"async\" width=\"100\" height=\"100\" src=\"https:\/\/plnatlamka.cz\/wp-content\/uploads\/2026\/04\/universal-granules-65g-1-100x100.jpg\" class=\"elementor-animation-bob attachment-woocommerce_gallery_thumbnail size-woocommerce_gallery_thumbnail wp-image-115\" alt=\"\" srcset=\"https:\/\/plnatlamka.cz\/wp-content\/uploads\/2026\/04\/universal-granules-65g-1-100x100.jpg 100w, https:\/\/plnatlamka.cz\/wp-content\/uploads\/2026\/04\/universal-granules-65g-1-300x300.jpg 300w, https:\/\/plnatlamka.cz\/wp-content\/uploads\/2026\/04\/universal-granules-65g-1-150x150.jpg 150w, https:\/\/plnatlamka.cz\/wp-content\/uploads\/2026\/04\/universal-granules-65g-1.jpg 540w\" sizes=\"(max-width: 100px) 100vw, 100px\" \/><\/a><\/figure><div class=\"elementor-image-box-content\"><h3 class=\"elementor-image-box-title\"><a href=\"https:\/\/plnatlamka.cz\/index.php\/kategorie-produktu\/krmivo-pro-ryby\/\">Krmiva pro ryby<\/a><\/h3><\/div><\/div>\t\t\t\t<\/div>\n\t\t\t\t<div class=\"elementor-element elementor-element-a7e6d7b elementor-position-top elementor-widget elementor-widget-image-box\" data-id=\"a7e6d7b\" data-element_type=\"widget\" data-e-type=\"widget\" data-widget_type=\"image-box.default\">\n\t\t\t\t\t<div class=\"elementor-image-box-wrapper\"><figure class=\"elementor-image-box-img\"><a href=\"https:\/\/plnatlamka.cz\/index.php\/kategorie-produktu\/hnojiva\/\" tabindex=\"-1\"><img decoding=\"async\" width=\"150\" height=\"150\" src=\"https:\/\/plnatlamka.cz\/wp-content\/uploads\/2026\/04\/produktove-foto-1000ml-macro-complex-uprava-150x150.jpg\" class=\"elementor-animation-bob attachment-thumbnail size-thumbnail wp-image-114\" alt=\"\" srcset=\"https:\/\/plnatlamka.cz\/wp-content\/uploads\/2026\/04\/produktove-foto-1000ml-macro-complex-uprava-150x150.jpg 150w, https:\/\/plnatlamka.cz\/wp-content\/uploads\/2026\/04\/produktove-foto-1000ml-macro-complex-uprava-300x300.jpg 300w, https:\/\/plnatlamka.cz\/wp-content\/uploads\/2026\/04\/produktove-foto-1000ml-macro-complex-uprava-600x600.jpg 600w, https:\/\/plnatlamka.cz\/wp-content\/uploads\/2026\/04\/produktove-foto-1000ml-macro-complex-uprava-100x100.jpg 100w, https:\/\/plnatlamka.cz\/wp-content\/uploads\/2026\/04\/produktove-foto-1000ml-macro-complex-uprava.jpg 768w\" sizes=\"(max-width: 150px) 100vw, 150px\" \/><\/a><\/figure><div class=\"elementor-image-box-content\"><h3 class=\"elementor-image-box-title\"><a href=\"https:\/\/plnatlamka.cz\/index.php\/kategorie-produktu\/hnojiva\/\">Hnojiva<\/a><\/h3><\/div><\/div>\t\t\t\t<\/div>\n\t\t\t\t<div class=\"elementor-element elementor-element-35d6e2f elementor-position-top elementor-widget elementor-widget-image-box\" data-id=\"35d6e2f\" data-element_type=\"widget\" data-e-type=\"widget\" data-widget_type=\"image-box.default\">\n\t\t\t\t\t<div class=\"elementor-image-box-wrapper\"><figure class=\"elementor-image-box-img\"><a href=\"https:\/\/plnatlamka.cz\/index.php\/kategorie-produktu\/technika\/\" tabindex=\"-1\"><img decoding=\"async\" width=\"150\" height=\"150\" src=\"https:\/\/plnatlamka.cz\/wp-content\/uploads\/2026\/04\/Fluval-filtr-150x150.webp\" class=\"elementor-animation-bob attachment-thumbnail size-thumbnail wp-image-116\" alt=\"\" srcset=\"https:\/\/plnatlamka.cz\/wp-content\/uploads\/2026\/04\/Fluval-filtr-150x150.webp 150w, https:\/\/plnatlamka.cz\/wp-content\/uploads\/2026\/04\/Fluval-filtr-300x300.webp 300w, https:\/\/plnatlamka.cz\/wp-content\/uploads\/2026\/04\/Fluval-filtr-100x100.webp 100w, https:\/\/plnatlamka.cz\/wp-content\/uploads\/2026\/04\/Fluval-filtr.webp 349w\" sizes=\"(max-width: 150px) 100vw, 150px\" \/><\/a><\/figure><div class=\"elementor-image-box-content\"><h3 class=\"elementor-image-box-title\"><a href=\"https:\/\/plnatlamka.cz\/index.php\/kategorie-produktu\/technika\/\">Technika<\/a><\/h3><\/div><\/div>\t\t\t\t<\/div>\n\t\t\t\t<div class=\"elementor-element elementor-element-beb57ed elementor-position-top elementor-widget elementor-widget-image-box\" data-id=\"beb57ed\" data-element_type=\"widget\" data-e-type=\"widget\" data-widget_type=\"image-box.default\">\n\t\t\t\t\t<div class=\"elementor-image-box-wrapper\"><figure class=\"elementor-image-box-img\"><a href=\"https:\/\/plnatlamka.cz\/index.php\/kategorie-produktu\/uprava-vody\/\" tabindex=\"-1\"><img loading=\"lazy\" decoding=\"async\" width=\"150\" height=\"150\" src=\"https:\/\/plnatlamka.cz\/wp-content\/uploads\/2026\/04\/7753_pla_tetra_aquasafe_500ml_hs_01_8-150x150.jpg\" class=\"elementor-animation-bob attachment-thumbnail size-thumbnail wp-image-117\" alt=\"\" srcset=\"https:\/\/plnatlamka.cz\/wp-content\/uploads\/2026\/04\/7753_pla_tetra_aquasafe_500ml_hs_01_8-150x150.jpg 150w, https:\/\/plnatlamka.cz\/wp-content\/uploads\/2026\/04\/7753_pla_tetra_aquasafe_500ml_hs_01_8-300x300.jpg 300w, https:\/\/plnatlamka.cz\/wp-content\/uploads\/2026\/04\/7753_pla_tetra_aquasafe_500ml_hs_01_8-100x100.jpg 100w, https:\/\/plnatlamka.cz\/wp-content\/uploads\/2026\/04\/7753_pla_tetra_aquasafe_500ml_hs_01_8.jpg 400w\" sizes=\"(max-width: 150px) 100vw, 150px\" \/><\/a><\/figure><div class=\"elementor-image-box-content\"><h3 class=\"elementor-image-box-title\"><a href=\"https:\/\/plnatlamka.cz\/index.php\/kategorie-produktu\/uprava-vody\/\">\u00daprava vody<\/a><\/h3><\/div><\/div>\t\t\t\t<\/div>\n\t\t\t\t<\/div>\n\t\t<div class=\"elementor-element elementor-element-9440de8 e-flex e-con-boxed e-con e-parent\" data-id=\"9440de8\" data-element_type=\"container\" data-e-type=\"container\">\n\t\t\t\t\t<div class=\"e-con-inner\">\n\t\t\t\t<div class=\"elementor-element elementor-element-ab6f7ec elementor-widget elementor-widget-heading\" data-id=\"ab6f7ec\" data-element_type=\"widget\" data-e-type=\"widget\" data-widget_type=\"heading.default\">\n\t\t\t\t\t<h2 class=\"elementor-heading-title elementor-size-default\">Nejobl\u00edben\u011bj\u0161\u00ed zbo\u017e\u00ed<\/h2>\t\t\t\t<\/div>\n\t\t\t\t\t<\/div>\n\t\t\t\t<\/div>\n\t\t<div class=\"elementor-element elementor-element-9d4c9d1 e-flex e-con-boxed e-con e-parent\" data-id=\"9d4c9d1\" data-element_type=\"container\" data-e-type=\"container\">\n\t\t\t\t\t<div class=\"e-con-inner\">\n\t\t\t\t<div class=\"elementor-element elementor-element-d1e6312 elementor-widget elementor-widget-shortcode\" data-id=\"d1e6312\" data-element_type=\"widget\" data-e-type=\"widget\" data-widget_type=\"shortcode.default\">\n\t\t\t\t\t\t\t<div class=\"elementor-shortcode\"><div class=\"woocommerce columns-4 \"><ul class=\"products columns-4\">\n<li class=\"desktop-align-left tablet-align-left mobile-align-left product type-product post-156 status-publish first instock product_cat-univerzalni-granule has-post-thumbnail shipping-taxable purchasable product-type-simple\">\n\t<a href=\"https:\/\/plnatlamka.cz\/index.php\/produkt\/patentka-mekke-granule-75g\/\" class=\"woocommerce-LoopProduct-link woocommerce-loop-product__link\"><img loading=\"lazy\" decoding=\"async\" width=\"300\" height=\"300\" src=\"https:\/\/plnatlamka.cz\/wp-content\/uploads\/2026\/04\/bloodworm-soft-granulat-75g-300x300.jpg\" class=\"attachment-woocommerce_thumbnail size-woocommerce_thumbnail\" alt=\"PATENTKA m\u011bkk\u00e9 granule 75g\" srcset=\"https:\/\/plnatlamka.cz\/wp-content\/uploads\/2026\/04\/bloodworm-soft-granulat-75g-300x300.jpg 300w, https:\/\/plnatlamka.cz\/wp-content\/uploads\/2026\/04\/bloodworm-soft-granulat-75g-150x150.jpg 150w, https:\/\/plnatlamka.cz\/wp-content\/uploads\/2026\/04\/bloodworm-soft-granulat-75g-100x100.jpg 100w, https:\/\/plnatlamka.cz\/wp-content\/uploads\/2026\/04\/bloodworm-soft-granulat-75g.jpg 540w\" sizes=\"(max-width: 300px) 100vw, 300px\" \/><h2 class=\"woocommerce-loop-product__title\">PATENTKA m\u011bkk\u00e9 granule 75g<\/h2>\n\t<span class=\"price\"><span class=\"woocommerce-Price-amount amount\"><bdi>199,00&nbsp;<span class=\"woocommerce-Price-currencySymbol\">&#75;&#269;<\/span><\/bdi><\/span><\/span>\n<\/a><a href=\"\/index.php\/wp-json\/wp\/v2\/pages\/51?add-to-cart=156\" aria-describedby=\"woocommerce_loop_add_to_cart_link_describedby_156\" data-quantity=\"1\" class=\"button product_type_simple add_to_cart_button ajax_add_to_cart\" data-product_id=\"156\" data-product_sku=\"\" aria-label=\"P\u0159idat do ko\u0161\u00edku: &ldquo;PATENTKA m\u011bkk\u00e9 granule 75g&rdquo;\" rel=\"nofollow\" data-success_message=\"&ldquo;PATENTKA m\u011bkk\u00e9 granule 75g&rdquo; byl p\u0159id\u00e1n do ko\u0161\u00edku\" role=\"button\">P\u0159idat do ko\u0161\u00edku<\/a>\t<span id=\"woocommerce_loop_add_to_cart_link_describedby_156\" class=\"screen-reader-text\">\n\t\t\t<\/span>\n<\/li>\n<li class=\"desktop-align-left tablet-align-left mobile-align-left product type-product post-154 status-publish instock product_cat-univerzalni-granule has-post-thumbnail shipping-taxable purchasable product-type-simple\">\n\t<a href=\"https:\/\/plnatlamka.cz\/index.php\/produkt\/growth-booster-granule-velikost-l-65g\/\" class=\"woocommerce-LoopProduct-link woocommerce-loop-product__link\"><img loading=\"lazy\" decoding=\"async\" width=\"300\" height=\"300\" src=\"https:\/\/plnatlamka.cz\/wp-content\/uploads\/2026\/04\/growth-booster-granules-size-l-65g-300x300.jpg\" class=\"attachment-woocommerce_thumbnail size-woocommerce_thumbnail\" alt=\"GROWTH BOOSTER granule velikost L 65g\" srcset=\"https:\/\/plnatlamka.cz\/wp-content\/uploads\/2026\/04\/growth-booster-granules-size-l-65g-300x300.jpg 300w, https:\/\/plnatlamka.cz\/wp-content\/uploads\/2026\/04\/growth-booster-granules-size-l-65g-150x150.jpg 150w, https:\/\/plnatlamka.cz\/wp-content\/uploads\/2026\/04\/growth-booster-granules-size-l-65g-100x100.jpg 100w, https:\/\/plnatlamka.cz\/wp-content\/uploads\/2026\/04\/growth-booster-granules-size-l-65g.jpg 540w\" sizes=\"(max-width: 300px) 100vw, 300px\" \/><h2 class=\"woocommerce-loop-product__title\">GROWTH BOOSTER granule velikost L 65g<\/h2>\n\t<span class=\"price\"><span class=\"woocommerce-Price-amount amount\"><bdi>180,00&nbsp;<span class=\"woocommerce-Price-currencySymbol\">&#75;&#269;<\/span><\/bdi><\/span><\/span>\n<\/a><a href=\"\/index.php\/wp-json\/wp\/v2\/pages\/51?add-to-cart=154\" aria-describedby=\"woocommerce_loop_add_to_cart_link_describedby_154\" data-quantity=\"1\" class=\"button product_type_simple add_to_cart_button ajax_add_to_cart\" data-product_id=\"154\" data-product_sku=\"\" aria-label=\"P\u0159idat do ko\u0161\u00edku: &ldquo;GROWTH BOOSTER granule velikost L 65g&rdquo;\" rel=\"nofollow\" data-success_message=\"&ldquo;GROWTH BOOSTER granule velikost L 65g&rdquo; byl p\u0159id\u00e1n do ko\u0161\u00edku\" role=\"button\">P\u0159idat do ko\u0161\u00edku<\/a>\t<span id=\"woocommerce_loop_add_to_cart_link_describedby_154\" class=\"screen-reader-text\">\n\t\t\t<\/span>\n<\/li>\n<li class=\"desktop-align-left tablet-align-left mobile-align-left product type-product post-149 status-publish instock product_cat-univerzalni-granule has-post-thumbnail shipping-taxable purchasable product-type-simple\">\n\t<a href=\"https:\/\/plnatlamka.cz\/index.php\/produkt\/yellow-booster-granule-75g\/\" class=\"woocommerce-LoopProduct-link woocommerce-loop-product__link\"><img loading=\"lazy\" decoding=\"async\" width=\"300\" height=\"300\" src=\"https:\/\/plnatlamka.cz\/wp-content\/uploads\/2026\/04\/yellow-booster-soft-grnules-75g-300x300.jpg\" class=\"attachment-woocommerce_thumbnail size-woocommerce_thumbnail\" alt=\"YELLOW Booster granule 75g\" srcset=\"https:\/\/plnatlamka.cz\/wp-content\/uploads\/2026\/04\/yellow-booster-soft-grnules-75g-300x300.jpg 300w, https:\/\/plnatlamka.cz\/wp-content\/uploads\/2026\/04\/yellow-booster-soft-grnules-75g-150x150.jpg 150w, https:\/\/plnatlamka.cz\/wp-content\/uploads\/2026\/04\/yellow-booster-soft-grnules-75g-100x100.jpg 100w, https:\/\/plnatlamka.cz\/wp-content\/uploads\/2026\/04\/yellow-booster-soft-grnules-75g.jpg 540w\" sizes=\"(max-width: 300px) 100vw, 300px\" \/><h2 class=\"woocommerce-loop-product__title\">YELLOW Booster granule 75g<\/h2>\n\t<span class=\"price\"><span class=\"woocommerce-Price-amount amount\"><bdi>228,00&nbsp;<span class=\"woocommerce-Price-currencySymbol\">&#75;&#269;<\/span><\/bdi><\/span><\/span>\n<\/a><a href=\"\/index.php\/wp-json\/wp\/v2\/pages\/51?add-to-cart=149\" aria-describedby=\"woocommerce_loop_add_to_cart_link_describedby_149\" data-quantity=\"1\" class=\"button product_type_simple add_to_cart_button ajax_add_to_cart\" data-product_id=\"149\" data-product_sku=\"\" aria-label=\"P\u0159idat do ko\u0161\u00edku: &ldquo;YELLOW Booster granule 75g&rdquo;\" rel=\"nofollow\" data-success_message=\"&ldquo;YELLOW Booster granule 75g&rdquo; byl p\u0159id\u00e1n do ko\u0161\u00edku\" role=\"button\">P\u0159idat do ko\u0161\u00edku<\/a>\t<span id=\"woocommerce_loop_add_to_cart_link_describedby_149\" class=\"screen-reader-text\">\n\t\t\t<\/span>\n<\/li>\n<li class=\"desktop-align-left tablet-align-left mobile-align-left product type-product post-146 status-publish last instock product_cat-univerzalni-granule has-post-thumbnail shipping-taxable purchasable product-type-simple\">\n\t<a href=\"https:\/\/plnatlamka.cz\/index.php\/produkt\/univerzalni-granule-65g\/\" class=\"woocommerce-LoopProduct-link woocommerce-loop-product__link\"><img loading=\"lazy\" decoding=\"async\" width=\"300\" height=\"300\" src=\"https:\/\/plnatlamka.cz\/wp-content\/uploads\/2026\/04\/universal-granules-65g-1-300x300.jpg\" class=\"attachment-woocommerce_thumbnail size-woocommerce_thumbnail\" alt=\"Univerz\u00e1ln\u00ed granule 65g\" srcset=\"https:\/\/plnatlamka.cz\/wp-content\/uploads\/2026\/04\/universal-granules-65g-1-300x300.jpg 300w, https:\/\/plnatlamka.cz\/wp-content\/uploads\/2026\/04\/universal-granules-65g-1-150x150.jpg 150w, https:\/\/plnatlamka.cz\/wp-content\/uploads\/2026\/04\/universal-granules-65g-1-100x100.jpg 100w, https:\/\/plnatlamka.cz\/wp-content\/uploads\/2026\/04\/universal-granules-65g-1.jpg 540w\" sizes=\"(max-width: 300px) 100vw, 300px\" \/><h2 class=\"woocommerce-loop-product__title\">Univerz\u00e1ln\u00ed granule 65g<\/h2>\n\t<span class=\"price\"><span class=\"woocommerce-Price-amount amount\"><bdi>102,00&nbsp;<span class=\"woocommerce-Price-currencySymbol\">&#75;&#269;<\/span><\/bdi><\/span><\/span>\n<\/a><a href=\"\/index.php\/wp-json\/wp\/v2\/pages\/51?add-to-cart=146\" aria-describedby=\"woocommerce_loop_add_to_cart_link_describedby_146\" data-quantity=\"1\" class=\"button product_type_simple add_to_cart_button ajax_add_to_cart\" data-product_id=\"146\" data-product_sku=\"ks\" aria-label=\"P\u0159idat do ko\u0161\u00edku: &ldquo;Univerz\u00e1ln\u00ed granule 65g&rdquo;\" rel=\"nofollow\" data-success_message=\"&ldquo;Univerz\u00e1ln\u00ed granule 65g&rdquo; byl p\u0159id\u00e1n do ko\u0161\u00edku\" role=\"button\">P\u0159idat do ko\u0161\u00edku<\/a>\t<span id=\"woocommerce_loop_add_to_cart_link_describedby_146\" class=\"screen-reader-text\">\n\t\t\t<\/span>\n<\/li>\n<\/ul>\n<\/div><\/div>\n\t\t\t\t\t\t<\/div>\n\t\t\t\t\t<\/div>\n\t\t\t\t<\/div>\n\t\t\t\t<\/div>\n\t\t","protected":false},"excerpt":{"rendered":"<p>Pln\u00e1 tlamka, spokojen\u00e9 ryby Kvalitn\u00ed krmivo pro va\u0161e akv\u00e1rium Nakoupit krmivo Krmiva pro ryby Hnojiva Technika \u00daprava vody Nejobl\u00edben\u011bj\u0161\u00ed zbo\u017e\u00ed<\/p>\n","protected":false},"author":1,"featured_media":0,"parent":0,"menu_order":0,"comment_status":"closed","ping_status":"closed","template":"","meta":{"site-sidebar-layout":"no-sidebar","site-content-layout":"","ast-site-content-layout":"full-width-container","site-content-style":"default","site-sidebar-style":"default","ast-global-header-display":"","ast-banner-title-visibility":"","ast-main-header-display":"","ast-hfb-above-header-display":"","ast-hfb-below-header-display":"","ast-hfb-mobile-header-display":"","site-post-title":"disabled","ast-breadcrumbs-content":"","ast-featured-img":"disabled","footer-sml-layout":"","ast-disable-related-posts":"","theme-transparent-header-meta":"","adv-header-id-meta":"","stick-header-meta":"","header-above-stick-meta":"","header-main-stick-meta":"","header-below-stick-meta":"","astra-migrate-meta-layouts":"default","ast-page-background-enabled":"default","ast-page-background-meta":{"desktop":{"background-color":"var(--ast-global-color-5)","background-image":"","background-repeat":"repeat","background-position":"center center","background-size":"auto","background-attachment":"scroll","background-type":"","background-media":"","overlay-type":"","overlay-color":"","overlay-opacity":"","overlay-gradient":""},"tablet":{"background-color":"","background-image":"","background-repeat":"repeat","background-position":"center center","background-size":"auto","background-attachment":"scroll","background-type":"","background-media":"","overlay-type":"","overlay-color":"","overlay-opacity":"","overlay-gradient":""},"mobile":{"background-color":"","background-image":"","background-repeat":"repeat","background-position":"center center","background-size":"auto","background-attachment":"scroll","background-type":"","background-media":"","overlay-type":"","overlay-color":"","overlay-opacity":"","overlay-gradient":""}},"ast-content-background-meta":{"desktop":{"background-color":"var(--ast-global-color-4)","background-image":"","background-repeat":"repeat","background-position":"center center","background-size":"auto","background-attachment":"scroll","background-type":"","background-media":"","overlay-type":"","overlay-color":"","overlay-opacity":"","overlay-gradient":""},"tablet":{"background-color":"var(--ast-global-color-4)","background-image":"","background-repeat":"repeat","background-position":"center center","background-size":"auto","background-attachment":"scroll","background-type":"","background-media":"","overlay-type":"","overlay-color":"","overlay-opacity":"","overlay-gradient":""},"mobile":{"background-color":"var(--ast-global-color-4)","background-image":"","background-repeat":"repeat","background-position":"center center","background-size":"auto","background-attachment":"scroll","background-type":"","background-media":"","overlay-type":"","overlay-color":"","overlay-opacity":"","overlay-gradient":""}},"footnotes":""},"class_list":["post-51","page","type-page","status-publish","hentry"],"_links":{"self":[{"href":"https:\/\/plnatlamka.cz\/index.php\/wp-json\/wp\/v2\/pages\/51","targetHints":{"allow":["GET"]}}],"collection":[{"href":"https:\/\/plnatlamka.cz\/index.php\/wp-json\/wp\/v2\/pages"}],"about":[{"href":"https:\/\/plnatlamka.cz\/index.php\/wp-json\/wp\/v2\/types\/page"}],"author":[{"embeddable":true,"href":"https:\/\/plnatlamka.cz\/index.php\/wp-json\/wp\/v2\/users\/1"}],"replies":[{"embeddable":true,"href":"https:\/\/plnatlamka.cz\/index.php\/wp-json\/wp\/v2\/comments?post=51"}],"version-history":[{"count":0,"href":"https:\/\/plnatlamka.cz\/index.php\/wp-json\/wp\/v2\/pages\/51\/revisions"}],"wp:attachment":[{"href":"https:\/\/plnatlamka.cz\/index.php\/wp-json\/wp\/v2\/media?parent=51"}],"curies":[{"name":"wp","href":"https:\/\/api.w.org\/{rel}","templated":true}]}}