{"id":146,"date":"2026-04-19T15:05:53","date_gmt":"2026-04-19T13:05:53","guid":{"rendered":"https:\/\/plnatlamka.cz\/?post_type=product&#038;p=146"},"modified":"2026-04-19T16:31:37","modified_gmt":"2026-04-19T14:31:37","slug":"univerzalni-granule-65g","status":"publish","type":"product","link":"https:\/\/plnatlamka.cz\/index.php\/produkt\/univerzalni-granule-65g\/","title":{"rendered":"Univerz\u00e1ln\u00ed granule 65g"},"content":{"rendered":"<p style=\"font-weight: 400;\" data-vivaldi-translated=\"\"><b><span data-vivaldi-translated=\"\">Univerz\u00e1ln\u00ed granule \u2013 Komplexn\u00ed krmivo pro tropick\u00e9 ryby, bohat\u00e9 na p\u0159\u00edrodn\u00ed ingredience a nutri\u010dn\u00ed hodnoty<\/span><\/b><\/p>\n<p style=\"font-weight: 400;\" data-vivaldi-translated=\"\">Poskytn\u011bte sv\u00fdm tropick\u00fdm ryb\u00e1m vyv\u00e1\u017eenou, v\u00fd\u017eivnou stravu\u00a0<b><span data-vivaldi-translated=\"\">Univerz\u00e1ln\u00ed Granule<\/span><\/b>\u00a0\u2013 snadno straviteln\u00e9, pomalu se usazuj\u00edc\u00ed granulovan\u00e9 j\u00eddlo vytvo\u0159en\u00e9 pro optim\u00e1ln\u00ed zdrav\u00ed, r\u016fst, vitalitu a z\u00e1\u0159iv\u00e9 barvy. Pe\u010dliv\u011b vybran\u00e9, \u0161pi\u010dkov\u00e9 ingredience zaru\u010duj\u00ed nejen vynikaj\u00edc\u00ed v\u00fd\u017eivu, ale tak\u00e9 podporuj\u00ed imunitn\u00ed a tr\u00e1vic\u00ed syst\u00e9m a tak\u00e9 zlep\u0161uj\u00ed p\u0159irozen\u00e9 zbarven\u00ed va\u0161ich ryb.<\/p>\n<p style=\"font-weight: 400;\" data-vivaldi-translated=\"\"><b><span data-vivaldi-translated=\"\">Nejd\u016fle\u017eit\u011bj\u0161\u00ed v\u00fdhody pou\u017e\u00edv\u00e1n\u00ed univerz\u00e1ln\u00edch granul\u00ed:<\/span><\/b><\/p>\n<p style=\"font-weight: 400;\" data-vivaldi-translated=\"\"><b><span data-vivaldi-translated=\"\">Vyv\u00e1\u017een\u00e9 slo\u017een\u00ed ingredienc\u00ed podporuj\u00edc\u00edch komplexn\u00ed rozvoj ryb<\/span><\/b><\/p>\n<p style=\"font-weight: 400;\" data-vivaldi-translated=\"\">Ka\u017ed\u00e1 granule t\u00e9to potraviny je kompletn\u00ed j\u00eddlo obsahuj\u00edc\u00ed:<\/p>\n<ul style=\"font-weight: 400;\">\n<li data-vivaldi-translated=\"\"><b><span data-vivaldi-translated=\"\">Ryb\u00ed mou\u010dka, chobotnice, krill a mou\u010dka z kor\u00fd\u0161\u016f (krevety)<\/span><\/b>\u00a0\u2013 bohat\u00fd zdroj \u017eivo\u010di\u0161n\u00fdch b\u00edlkovin (a\u017e\u00a0<b><span data-vivaldi-translated=\"\">51% hrub\u00e9ho proteinu<\/span><\/b>\u00a0!), kter\u00fd podporuje rychl\u00fd r\u016fst a regeneraci ryb. D\u00edky vysok\u00e9mu obsahu aminokyselin nezbytn\u00fdch pro budov\u00e1n\u00ed sval\u016f zaji\u0161\u0165uje toto krmivo zdrav\u00fd v\u00fdvoj ryb, vitalitu a vytrvalost. Zdroj p\u0159\u00edrodn\u00edho astaxanthinu.<\/li>\n<li data-vivaldi-translated=\"\"><b><span data-vivaldi-translated=\"\">R\u00fd\u017eov\u00fd protein a obiln\u00e1 mouka<\/span><\/b>\u00a0\u2013 zdroj rostlinn\u00fdch b\u00edlkovin a snadno straviteln\u00fdch sacharid\u016f, kter\u00e9 poskytuj\u00ed ka\u017edodenn\u00ed energii a podporuj\u00ed spr\u00e1vn\u00e9 tr\u00e1ven\u00ed.<\/li>\n<li data-vivaldi-translated=\"\"><b><span data-vivaldi-translated=\"\">Lososov\u00fd olej<\/span><\/b>\u00a0\u2013 bohat\u00e9 na omega-3 a omega-6 mastn\u00e9 kyseliny, kter\u00e9 zlep\u0161uj\u00ed ob\u011bhov\u00e9 funkce a podporuj\u00ed nervov\u00fd syst\u00e9m. Je to nezbytn\u00e9 pro zdrav\u00ed ryb\u00ed k\u016f\u017ee, \u0161upin a ploutv\u00ed.<\/li>\n<li data-vivaldi-translated=\"\"><b><span data-vivaldi-translated=\"\">Hmyz\u00ed protein<\/span><\/b>\u00a0\u2013 p\u0159\u00edrodn\u00ed, ekologick\u00fd zdroj b\u00edlkovin a tuk\u016f, kter\u00fd je vysoce straviteln\u00fd a podporuje imunitn\u00ed syst\u00e9m a metabolismus ryb.<\/li>\n<\/ul>\n<p style=\"font-weight: 400;\" data-vivaldi-translated=\"\"><b><span data-vivaldi-translated=\"\">Ingredience podporuj\u00edc\u00ed \u017eivou barvu ryb<\/span><\/b><\/p>\n<p style=\"font-weight: 400;\" data-vivaldi-translated=\"\">P\u0159\u00edrodn\u00ed pigmenty obsa\u017een\u00e9 v univerz\u00e1ln\u00edch granul\u00edch pom\u00e1haj\u00ed zv\u00fdraznit a zv\u00fdraznit barvy va\u0161ich ryb. Vzorec je obohacen o:<\/p>\n<ul style=\"font-weight: 400;\">\n<li data-vivaldi-translated=\"\"><b><span data-vivaldi-translated=\"\">Karotenoidy z \u010derven\u00e9 papriky<\/span><\/b>\u00a0,<\/li>\n<li data-vivaldi-translated=\"\"><b><span data-vivaldi-translated=\"\">Astaxanthin<\/span><\/b>\u00a0,<\/li>\n<li data-vivaldi-translated=\"\"><b><span data-vivaldi-translated=\"\">kanthaxanthin<\/span><\/b>\u00a0,<\/li>\n<li data-vivaldi-translated=\"\"><b><span data-vivaldi-translated=\"\">Beta-karoten<\/span><\/b>\u00a0,<\/li>\n<li data-vivaldi-translated=\"\"><b><span data-vivaldi-translated=\"\">Lutein<\/span><\/b>\u00a0\u2013 podporuje intenzifikaci barev a zvy\u0161uje jejich hloubku. P\u0159i pravideln\u00e9m pou\u017e\u00edv\u00e1n\u00ed si va\u0161e ryby vychutnaj\u00ed kr\u00e1sn\u00e9, z\u00e1\u0159iv\u00e9 barvy.<\/li>\n<\/ul>\n<p style=\"font-weight: 400;\" data-vivaldi-translated=\"\"><b><span data-vivaldi-translated=\"\">Superpotraviny: Spirulina, Chlorella a Ascophyllum nodosum<\/span><\/b><\/p>\n<p style=\"font-weight: 400;\" data-vivaldi-translated=\"\">J\u00eddlo obsahuje t\u0159i unik\u00e1tn\u00ed \u0159asy s \u0161irok\u00fdmi zdravotn\u00edmi p\u0159\u00ednosy:<\/p>\n<ul style=\"font-weight: 400;\">\n<li data-vivaldi-translated=\"\"><b><span data-vivaldi-translated=\"\">Spirulina<\/span><\/b>\u00a0\u2013 podporuje imunitu, zlep\u0161uje tr\u00e1ven\u00ed a m\u00e1 protiz\u00e1n\u011btliv\u00e9 vlastnosti,<\/li>\n<li data-vivaldi-translated=\"\"><b><span data-vivaldi-translated=\"\">Chlorella<\/span><\/b>\u00a0\u2013 bohat\u00e9 na vitam\u00edny, miner\u00e1ly a antioxidanty, kter\u00e9 podporuj\u00ed regeneraci bun\u011bk a funkci org\u00e1n\u016f,<\/li>\n<li data-vivaldi-translated=\"\"><b><span data-vivaldi-translated=\"\">Ascophyllum nodosum<\/span><\/b>\u00a0\u2013 mo\u0159sk\u00e9 \u0159asy, kter\u00e9 posiluj\u00ed imunitn\u00ed syst\u00e9m a podporuj\u00ed tr\u00e1vic\u00ed procesy.<\/li>\n<\/ul>\n<p style=\"font-weight: 400;\" data-vivaldi-translated=\"\"><b><span data-vivaldi-translated=\"\">Prebiotika a zdrav\u00e9 slo\u017eky \u2013 Siln\u00e9 imunitn\u00ed a tr\u00e1vic\u00ed syst\u00e9my<\/span><\/b><\/p>\n<p style=\"font-weight: 400;\" data-vivaldi-translated=\"\">Vzorec Universal Granules tak\u00e9 obsahuje:<\/p>\n<ul style=\"font-weight: 400;\">\n<li data-vivaldi-translated=\"\"><b><span data-vivaldi-translated=\"\">Pivovarsk\u00e9 kvasnice<\/span><\/b>\u00a0\u2013 bohat\u00fd zdroj vitam\u00edn\u016f B, kter\u00e9 zlep\u0161uj\u00ed metabolismus, podporuj\u00ed zdrav\u00ed tr\u00e1ven\u00ed a maj\u00ed posiluj\u00edc\u00ed \u00fa\u010dinek na ryby,<\/li>\n<li data-vivaldi-translated=\"\"><b><span data-vivaldi-translated=\"\">Beta glukan a mannanov\u00e9 oligosacharidy (MOS)<\/span><\/b>\u00a0\u2013 podporuje p\u0159irozenou imunitu ryb a pom\u00e1h\u00e1 jim vyrovnat se se stresem a nemocemi.<\/li>\n<li data-vivaldi-translated=\"\"><b><span data-vivaldi-translated=\"\">Prebiotika<\/span><\/b>\u00a0\u2013 podporuje st\u0159evn\u00ed bakteri\u00e1ln\u00ed fl\u00f3ru a zlep\u0161uje tr\u00e1ven\u00ed.<\/li>\n<\/ul>\n<p style=\"font-weight: 400;\" data-vivaldi-translated=\"\"><b><span data-vivaldi-translated=\"\">Vysok\u00fd obsah vitam\u00ednu C a miner\u00e1ln\u00ed p\u0159\u00edsady<\/span><\/b><\/p>\n<p style=\"font-weight: 400;\" data-vivaldi-translated=\"\">Vitam\u00edny a stopov\u00e9 prvky jsou kl\u00ed\u010dov\u00fdmi prvky ovliv\u0148uj\u00edc\u00edmi zdrav\u00ed a dlouhov\u011bkost ryb:<\/p>\n<ul style=\"font-weight: 400;\">\n<li data-vivaldi-translated=\"\"><b><span data-vivaldi-translated=\"\">Vitamin C (210 mg\/kg)<\/span><\/b>\u00a0\u2013 posiluje imunitu a podporuje regenera\u010dn\u00ed procesy,<\/li>\n<li data-vivaldi-translated=\"\"><b><span data-vivaldi-translated=\"\">Vitamin D3 (2100 IU)<\/span><\/b>\u00a0\u2013 zodpov\u011bdn\u00fd za v\u00fdvoj a mineralizaci kostern\u00edho syst\u00e9mu,<\/li>\n<li data-vivaldi-translated=\"\"><b><span data-vivaldi-translated=\"\">Vitamin A (28 000 IU)<\/span><\/b>\u00a0\u2013 zaji\u0161\u0165uje spr\u00e1vnou funkci vnit\u0159n\u00edch org\u00e1n\u016f a zdrav\u00ed k\u016f\u017ee a \u0161upin.<\/li>\n<li data-vivaldi-translated=\"\"><b><span data-vivaldi-translated=\"\">\u017delezo (Fe), mangan (Mn) a zinek (Zn)<\/span><\/b>\u00a0\u2013 podporuj\u00ed metabolick\u00e9 procesy a zlep\u0161uj\u00ed celkov\u00fd stav ryb.<\/li>\n<\/ul>\n<p style=\"font-weight: 400;\" data-vivaldi-translated=\"\"><b><span data-vivaldi-translated=\"\">M\u011bkk\u00fd, pomalu padaj\u00edc\u00ed vzorec \u2013 Maxim\u00e1ln\u00ed stravitelnost a \u010distota vody<\/span><\/b><\/p>\n<p style=\"font-weight: 400;\" data-vivaldi-translated=\"\">Univerz\u00e1ln\u00ed granule jsou navr\u017eeny tak, aby:<\/p>\n<ul style=\"font-weight: 400;\">\n<li data-vivaldi-translated=\"\"><b><span data-vivaldi-translated=\"\">Ve vod\u011b se nerozpadly<\/span><\/b>\u00a0, co\u017e zabra\u0148uje jeho kontaminaci,<\/li>\n<li data-vivaldi-translated=\"\"><b><span data-vivaldi-translated=\"\">Pomalu se pot\u00e1p\u011bly<\/span><\/b>\u00a0, umo\u017e\u0148uj\u00edc\u00ed krmen\u00ed hlubinn\u00fdch ryb i druh\u016f \u017eij\u00edc\u00edch u dna,<\/li>\n<li data-vivaldi-translated=\"\"><b><span data-vivaldi-translated=\"\">Snadno straviteln\u00e9<\/span><\/b>\u00a0, co\u017e minimalizuje riziko za\u017e\u00edvac\u00edch pot\u00ed\u017e\u00ed.<\/li>\n<\/ul>\n<p style=\"font-weight: 400;\" data-vivaldi-translated=\"\"><b><span data-vivaldi-translated=\"\">\u00a0<\/span><\/b><\/p>\n<p style=\"font-weight: 400;\" data-vivaldi-translated=\"\"><b><span data-vivaldi-translated=\"\">Pro jak\u00e9 druhy ryb?<\/span><\/b><\/p>\n<p style=\"font-weight: 400;\" data-vivaldi-translated=\"\">Universal Granules je ide\u00e1ln\u00ed potravou pro v\u0161echny druhy tropick\u00fdch ryb, v\u010detn\u011b:<\/p>\n<ul style=\"font-weight: 400;\">\n<li data-vivaldi-translated=\"\"><b><span data-vivaldi-translated=\"\">Guppy, neonky, dania, skal\u00e1ry<\/span><\/b><\/li>\n<li data-vivaldi-translated=\"\"><b><span data-vivaldi-translated=\"\">Cichlidy<\/span><\/b><\/li>\n<li data-vivaldi-translated=\"\"><b><span data-vivaldi-translated=\"\">\u017divorodky<\/span><\/b><\/li>\n<li data-vivaldi-translated=\"\"><b><span data-vivaldi-translated=\"\">Ryby \u017eij\u00edc\u00ed u dna a v\u0161e\u017erav\u00e9 druhy<\/span><\/b><\/li>\n<\/ul>\n<p style=\"font-weight: 400;\" data-vivaldi-translated=\"\"><b><span data-vivaldi-translated=\"\">Shrnut\u00ed \u2013 Komplexn\u00ed ochrana a zdrav\u00e1 strava<\/span><\/b><\/p>\n<p style=\"font-weight: 400;\" data-vivaldi-translated=\"\">Universal Granules je krmivo, kter\u00e9 kombinuje v\u0161e, co va\u0161e ryby pot\u0159ebuj\u00ed pro zdrav\u00fd r\u016fst, kr\u00e1sn\u00e9 barvy a dlouh\u00fd, energick\u00fd \u017eivot. D\u00edky bohat\u00fdm b\u00edlkovin\u00e1m, vitam\u00edn\u016fm, \u0159as\u00e1m, prebiotik\u016fm a p\u0159\u00edrodn\u00edm pigment\u016fm budou va\u0161e ryby nejen vypadat kr\u00e1sn\u011b, ale tak\u00e9 se budou t\u011b\u0161it vynikaj\u00edc\u00edmu zdrav\u00ed a kondici.<\/p>\n<p style=\"font-weight: 400;\" data-vivaldi-translated=\"\"><b><span data-vivaldi-translated=\"\">Slo\u017een\u00ed:<\/span><\/b>\u00a0ryb\u00ed mou\u010dka, krillov\u00e1 mou\u010dka, chobotnicov\u00e1 mou\u010dka, r\u00fd\u017eov\u00fd protein, obiln\u00e1 mouka, lososov\u00fd olej, hmyz\u00ed protein, mouka z kor\u00fd\u0161\u016f, pivovarsk\u00e9 kvasnice, su\u0161en\u00e9 \u0159asy Chlorella, Spirulina, Ascophyllum nodosum,<span data-vivaldi-translated=\"\">\u00a0\u00a0<\/span>karotenoidy \u010derven\u00e9 papriky, prebiotika, beta glukan a mannan oligosacharidy, astaxanthin, kanthaxanthin, beta karoten, lutein.<\/p>\n<p style=\"font-weight: 400;\" data-vivaldi-translated=\"\"><b><span data-vivaldi-translated=\"\">Analytick\u00e9 slo\u017eky:<\/span><\/b>\u00a0b\u00edlkoviny 51%, tuk 9%, anorganick\u00e9 l\u00e1tky 7,9%, vl\u00e1knina 3%.<\/p>\n<p style=\"font-weight: 400;\" data-vivaldi-translated=\"\"><b><span data-vivaldi-translated=\"\">P\u0159\u00edsady\/kg:<\/span><\/b>\u00a0vitam\u00edny: A (3a672a) 28 000 IU, C (3a300) 210 mg, D3 (3a671) 2100 IU;<span data-vivaldi-translated=\"\">\u00a0\u00a0<\/span>slou\u010deniny stopov\u00fdch prvk\u016f: Fe (3b103) 33 mg, Mn (3b502) 43 mg, Zn (3b603) 42 mg; s antioxidanty.<\/p>\n<p style=\"font-weight: 400;\" data-vivaldi-translated=\"\"><b><span data-vivaldi-translated=\"\">Krmn\u00e1 d\u00e1vka:<\/span><\/b> Krmte n\u011bkolikr\u00e1t denn\u011b, kolik ryby zkonzumuj\u00ed do p\u00e1r minut. Nep\u0159ekrmujte. V z\u00e1vislosti na velikosti krmiva a druhu ryb m\u016f\u017ee b\u00fdt krmen rybami od pl\u016fdk\u016f a\u017e po chovn\u00e9 ryby. Ne pro lidskou spot\u0159ebu! UCHOV\u00c1VEJTE NA SUCH\u00c9M, CHLADN\u00c9M M\u00cdST\u011a!<span data-vivaldi-translated=\"\">\u00a0<\/span><\/p>\n","protected":false},"excerpt":{"rendered":"<p>Ide\u00e1ln\u00ed krmivo pro Tetry, Skal\u00e1ry, Dania a jin\u00e9 akvarijn\u00ed ryby, v\u010detn\u011b t\u011bch na dn\u011b \u017eij\u00edc\u00edch.<\/p>\n","protected":false},"featured_media":115,"comment_status":"open","ping_status":"closed","template":"","meta":{"site-sidebar-layout":"default","site-content-layout":"","ast-site-content-layout":"default","site-content-style":"default","site-sidebar-style":"default","ast-global-header-display":"","ast-banner-title-visibility":"","ast-main-header-display":"","ast-hfb-above-header-display":"","ast-hfb-below-header-display":"","ast-hfb-mobile-header-display":"","site-post-title":"","ast-breadcrumbs-content":"","ast-featured-img":"","footer-sml-layout":"","ast-disable-related-posts":"","theme-transparent-header-meta":"default","adv-header-id-meta":"","stick-header-meta":"","header-above-stick-meta":"","header-main-stick-meta":"","header-below-stick-meta":"","astra-migrate-meta-layouts":"set","ast-page-background-enabled":"default","ast-page-background-meta":{"desktop":{"background-color":"var(--ast-global-color-5)","background-image":"","background-repeat":"repeat","background-position":"center center","background-size":"auto","background-attachment":"scroll","background-type":"","background-media":"","overlay-type":"","overlay-color":"","overlay-opacity":"","overlay-gradient":""},"tablet":{"background-color":"","background-image":"","background-repeat":"repeat","background-position":"center center","background-size":"auto","background-attachment":"scroll","background-type":"","background-media":"","overlay-type":"","overlay-color":"","overlay-opacity":"","overlay-gradient":""},"mobile":{"background-color":"","background-image":"","background-repeat":"repeat","background-position":"center center","background-size":"auto","background-attachment":"scroll","background-type":"","background-media":"","overlay-type":"","overlay-color":"","overlay-opacity":"","overlay-gradient":""}},"ast-content-background-meta":{"desktop":{"background-color":"var(--ast-global-color-4)","background-image":"","background-repeat":"repeat","background-position":"center center","background-size":"auto","background-attachment":"scroll","background-type":"","background-media":"","overlay-type":"","overlay-color":"","overlay-opacity":"","overlay-gradient":""},"tablet":{"background-color":"var(--ast-global-color-4)","background-image":"","background-repeat":"repeat","background-position":"center center","background-size":"auto","background-attachment":"scroll","background-type":"","background-media":"","overlay-type":"","overlay-color":"","overlay-opacity":"","overlay-gradient":""},"mobile":{"background-color":"var(--ast-global-color-4)","background-image":"","background-repeat":"repeat","background-position":"center center","background-size":"auto","background-attachment":"scroll","background-type":"","background-media":"","overlay-type":"","overlay-color":"","overlay-opacity":"","overlay-gradient":""}}},"product_brand":[],"product_cat":[31],"product_tag":[],"class_list":{"0":"post-146","1":"product","2":"type-product","3":"status-publish","4":"has-post-thumbnail","6":"product_cat-univerzalni-granule","7":"desktop-align-left","8":"tablet-align-left","9":"mobile-align-left","11":"first","12":"instock","13":"shipping-taxable","14":"purchasable","15":"product-type-simple"},"_links":{"self":[{"href":"https:\/\/plnatlamka.cz\/index.php\/wp-json\/wp\/v2\/product\/146","targetHints":{"allow":["GET"]}}],"collection":[{"href":"https:\/\/plnatlamka.cz\/index.php\/wp-json\/wp\/v2\/product"}],"about":[{"href":"https:\/\/plnatlamka.cz\/index.php\/wp-json\/wp\/v2\/types\/product"}],"replies":[{"embeddable":true,"href":"https:\/\/plnatlamka.cz\/index.php\/wp-json\/wp\/v2\/comments?post=146"}],"wp:featuredmedia":[{"embeddable":true,"href":"https:\/\/plnatlamka.cz\/index.php\/wp-json\/wp\/v2\/media\/115"}],"wp:attachment":[{"href":"https:\/\/plnatlamka.cz\/index.php\/wp-json\/wp\/v2\/media?parent=146"}],"wp:term":[{"taxonomy":"product_brand","embeddable":true,"href":"https:\/\/plnatlamka.cz\/index.php\/wp-json\/wp\/v2\/product_brand?post=146"},{"taxonomy":"product_cat","embeddable":true,"href":"https:\/\/plnatlamka.cz\/index.php\/wp-json\/wp\/v2\/product_cat?post=146"},{"taxonomy":"product_tag","embeddable":true,"href":"https:\/\/plnatlamka.cz\/index.php\/wp-json\/wp\/v2\/product_tag?post=146"}],"curies":[{"name":"wp","href":"https:\/\/api.w.org\/{rel}","templated":true}]}}