{"id":149,"date":"2026-04-19T16:43:29","date_gmt":"2026-04-19T14:43:29","guid":{"rendered":"https:\/\/plnatlamka.cz\/?post_type=product&#038;p=149"},"modified":"2026-04-19T16:49:27","modified_gmt":"2026-04-19T14:49:27","slug":"yellow-booster-granule-75g","status":"publish","type":"product","link":"https:\/\/plnatlamka.cz\/index.php\/produkt\/yellow-booster-granule-75g\/","title":{"rendered":"YELLOW Booster granule 75g"},"content":{"rendered":"<h2 data-vivaldi-translated=\"\">Yellow Booster Soft Granules \u2013 m\u011bkk\u00e9 granule, kter\u00e9 zv\u00fdraz\u0148uj\u00ed \u017elutou barvu ryb<\/h2>\n<p data-vivaldi-translated=\"\"><strong data-vivaldi-translated=\"\">\u017dlut\u00e9 Booster m\u011bkk\u00e9 granule<\/strong>\u00a0je kompletn\u00ed krmivo pro v\u0161echny druhy v\u0161e\u017erav\u00fdch akvarijn\u00edch ryb ve form\u011b\u00a0<strong data-vivaldi-translated=\"\">m\u011bkk\u00e9, rychle se pot\u00e1p\u011bj\u00edc\u00ed granule<\/strong>\u00a0. D\u00edky sv\u00e9mu speci\u00e1ln\u011b vybran\u00e9mu slo\u017een\u00ed je toto krmivo ide\u00e1ln\u00ed pro ka\u017edodenn\u00ed krmen\u00ed ryb v r\u016fzn\u00fdch akvarijn\u00edch z\u00f3n\u00e1ch.<\/p>\n<p data-vivaldi-translated=\"\">Recept byl obohacen o\u00a0<strong data-vivaldi-translated=\"\">lutein a p\u0159\u00edsady podporuj\u00edc\u00ed p\u0159irozen\u00e9 zbarven\u00ed<\/strong>\u00a0, tak\u017ee j\u00eddlo se doporu\u010duje zejm\u00e9na pro ryby s\u00a0<strong data-vivaldi-translated=\"\">\u017elut\u00e9 a zlat\u00e9 odst\u00edny<\/strong>\u00a0, ve kter\u00e9m chceme zd\u016fraznit intenzitu a hloubku barvy.<\/p>\n<p data-vivaldi-translated=\"\">M\u011bkk\u00e1 struktura granul\u00ed tvo\u0159\u00ed potravinu\u00a0<strong data-vivaldi-translated=\"\">snadno se j\u00ed a snadno straviteln\u00e9<\/strong>\u00a0a vysok\u00fd obsah b\u00edlkovin podporuje spr\u00e1vn\u00fd v\u00fdvoj a stav ryb.<\/p>\n<h3 data-vivaldi-translated=\"\">Nejd\u016fle\u017eit\u011bj\u0161\u00ed v\u00fdhody<\/h3>\n<p data-vivaldi-translated=\"\">\u2714\u00a0<strong data-vivaldi-translated=\"\">Zvy\u0161uje \u017elutou barvu ryb<\/strong>\u00a0d\u00edky obsahu luteinu<br data-vivaldi-translated=\"\" \/>\u2714\u00a0<strong data-vivaldi-translated=\"\">M\u011bkk\u00e9, rychle se pot\u00e1p\u011bj\u00edc\u00ed granule<\/strong>\u00a0\u2013 ide\u00e1ln\u00ed pro mnoho druh\u016f v\u0161e\u017erav\u00fdch ryb<br data-vivaldi-translated=\"\" \/>\u2714\u00a0<strong data-vivaldi-translated=\"\">Vysok\u00fd obsah b\u00edlkovin (44%)<\/strong>\u00a0podpora r\u016fstu a stavu ryb<br data-vivaldi-translated=\"\" \/>\u2714\u00a0<strong data-vivaldi-translated=\"\">Bohat\u00fd komplex vitam\u00edn\u016f a stopov\u00fdch prvk\u016f<\/strong>\u00a0to podporuje imunitu a zdrav\u00ed<br data-vivaldi-translated=\"\" \/>\u2714\u00a0<strong data-vivaldi-translated=\"\">Dobr\u00e1 stravitelnost a snadno konzumovan\u00e9 j\u00eddlo<\/strong><br data-vivaldi-translated=\"\" \/>\u2714\u00a0<strong data-vivaldi-translated=\"\">Kompletn\u00ed, vyv\u00e1\u017een\u00e1 strava pro ka\u017edodenn\u00ed krmen\u00ed<\/strong><\/p>\n<h3 data-vivaldi-translated=\"\">Slo\u017een\u00ed<\/h3>\n<p data-vivaldi-translated=\"\">Ryby a ryb\u00ed v\u00fdrobky, obiloviny, zelenina, kvasnice, oleje a tuky, lutein.<\/p>\n<h3 data-vivaldi-translated=\"\">Analytick\u00e9 komponenty<\/h3>\n<ul>\n<li data-vivaldi-translated=\"\">\n<p data-vivaldi-translated=\"\">Surov\u00e9 b\u00edlkoviny: 44%<\/p>\n<\/li>\n<li data-vivaldi-translated=\"\">\n<p data-vivaldi-translated=\"\">Surov\u00fd tuk: 12,2%<\/p>\n<\/li>\n<li data-vivaldi-translated=\"\">\n<p data-vivaldi-translated=\"\">Surov\u00e1 vl\u00e1knina: 2,3%<\/p>\n<\/li>\n<li data-vivaldi-translated=\"\">\n<p data-vivaldi-translated=\"\">Surov\u00fd popel: 9%<\/p>\n<\/li>\n<\/ul>\n<h3 data-vivaldi-translated=\"\">Vitam\u00edny \/ kg<\/h3>\n<p data-vivaldi-translated=\"\">Vitamin A 210 000 IU, Vitamin D3 1 800 IU, Vitamin E 500 mg, Vitamin B1 20 mg, Vitamin B2 50 mg, Vitamin B6 20 mg, Vitamin B12 100 \u00b5g, Vitamin K3 40 mg, Vitamin C 500 mg, kyselina listov\u00e1 4 mg, Ca-D pantothen\u00e1t 100 mg, biotin 50 \u00b5g, cholinchlorid 500 mg.<\/p>\n<h3 data-vivaldi-translated=\"\">Stopov\u00e9 prvky<\/h3>\n<p data-vivaldi-translated=\"\">Jodi\u010dnan v\u00e1penat\u00fd (E2) 3 mg, pentahydr\u00e1t s\u00edranu m\u011b\u010fnat\u00e9ho (E4) 10 mg, monohydr\u00e1t s\u00edranu manganat\u00e9ho (E5) 12 mg, monohydr\u00e1t s\u00edranu zine\u010dnat\u00e9ho (E6) 70 mg, selenit sodn\u00fd (E8) 0,2 mg, antioxidanty 100 mg.<\/p>\n<h3 data-vivaldi-translated=\"\">Doporu\u010den\u00ed krmen\u00ed<\/h3>\n<p data-vivaldi-translated=\"\">Krmte n\u011bkolikr\u00e1t denn\u011b v mal\u00fdch porc\u00edch, kter\u00e9 mohou ryby sn\u00edst b\u011bhem kr\u00e1tk\u00e9 doby.<\/p>\n<p data-vivaldi-translated=\"\"><strong data-vivaldi-translated=\"\">P\u0159\u00edpravek je ur\u010den pouze pro akvarijn\u00ed ryby.<br data-vivaldi-translated=\"\" \/>Ne pro lidskou spot\u0159ebu. Skladujte na chladn\u00e9m a such\u00e9m m\u00edst\u011b.<\/strong><\/p>\n","protected":false},"excerpt":{"rendered":"<p>Granule, pro podporu \u017elut\u00e9 barvy akvarijn\u00edch ryb &#8211; ide\u00e1ln\u00ed k denn\u00edmu krmen\u00ed. Vhodn\u00e9 pro \u017elut\u011b zbarven\u00e9 ryby.<\/p>\n","protected":false},"featured_media":150,"comment_status":"open","ping_status":"closed","template":"","meta":{"site-sidebar-layout":"default","site-content-layout":"","ast-site-content-layout":"default","site-content-style":"default","site-sidebar-style":"default","ast-global-header-display":"","ast-banner-title-visibility":"","ast-main-header-display":"","ast-hfb-above-header-display":"","ast-hfb-below-header-display":"","ast-hfb-mobile-header-display":"","site-post-title":"","ast-breadcrumbs-content":"","ast-featured-img":"","footer-sml-layout":"","ast-disable-related-posts":"","theme-transparent-header-meta":"default","adv-header-id-meta":"","stick-header-meta":"","header-above-stick-meta":"","header-main-stick-meta":"","header-below-stick-meta":"","astra-migrate-meta-layouts":"set","ast-page-background-enabled":"default","ast-page-background-meta":{"desktop":{"background-color":"var(--ast-global-color-5)","background-image":"","background-repeat":"repeat","background-position":"center center","background-size":"auto","background-attachment":"scroll","background-type":"","background-media":"","overlay-type":"","overlay-color":"","overlay-opacity":"","overlay-gradient":""},"tablet":{"background-color":"","background-image":"","background-repeat":"repeat","background-position":"center center","background-size":"auto","background-attachment":"scroll","background-type":"","background-media":"","overlay-type":"","overlay-color":"","overlay-opacity":"","overlay-gradient":""},"mobile":{"background-color":"","background-image":"","background-repeat":"repeat","background-position":"center center","background-size":"auto","background-attachment":"scroll","background-type":"","background-media":"","overlay-type":"","overlay-color":"","overlay-opacity":"","overlay-gradient":""}},"ast-content-background-meta":{"desktop":{"background-color":"var(--ast-global-color-4)","background-image":"","background-repeat":"repeat","background-position":"center center","background-size":"auto","background-attachment":"scroll","background-type":"","background-media":"","overlay-type":"","overlay-color":"","overlay-opacity":"","overlay-gradient":""},"tablet":{"background-color":"var(--ast-global-color-4)","background-image":"","background-repeat":"repeat","background-position":"center center","background-size":"auto","background-attachment":"scroll","background-type":"","background-media":"","overlay-type":"","overlay-color":"","overlay-opacity":"","overlay-gradient":""},"mobile":{"background-color":"var(--ast-global-color-4)","background-image":"","background-repeat":"repeat","background-position":"center center","background-size":"auto","background-attachment":"scroll","background-type":"","background-media":"","overlay-type":"","overlay-color":"","overlay-opacity":"","overlay-gradient":""}}},"product_brand":[],"product_cat":[31],"product_tag":[],"class_list":{"0":"post-149","1":"product","2":"type-product","3":"status-publish","4":"has-post-thumbnail","6":"product_cat-univerzalni-granule","7":"desktop-align-left","8":"tablet-align-left","9":"mobile-align-left","11":"first","12":"instock","13":"shipping-taxable","14":"purchasable","15":"product-type-simple"},"_links":{"self":[{"href":"https:\/\/plnatlamka.cz\/index.php\/wp-json\/wp\/v2\/product\/149","targetHints":{"allow":["GET"]}}],"collection":[{"href":"https:\/\/plnatlamka.cz\/index.php\/wp-json\/wp\/v2\/product"}],"about":[{"href":"https:\/\/plnatlamka.cz\/index.php\/wp-json\/wp\/v2\/types\/product"}],"replies":[{"embeddable":true,"href":"https:\/\/plnatlamka.cz\/index.php\/wp-json\/wp\/v2\/comments?post=149"}],"wp:featuredmedia":[{"embeddable":true,"href":"https:\/\/plnatlamka.cz\/index.php\/wp-json\/wp\/v2\/media\/150"}],"wp:attachment":[{"href":"https:\/\/plnatlamka.cz\/index.php\/wp-json\/wp\/v2\/media?parent=149"}],"wp:term":[{"taxonomy":"product_brand","embeddable":true,"href":"https:\/\/plnatlamka.cz\/index.php\/wp-json\/wp\/v2\/product_brand?post=149"},{"taxonomy":"product_cat","embeddable":true,"href":"https:\/\/plnatlamka.cz\/index.php\/wp-json\/wp\/v2\/product_cat?post=149"},{"taxonomy":"product_tag","embeddable":true,"href":"https:\/\/plnatlamka.cz\/index.php\/wp-json\/wp\/v2\/product_tag?post=149"}],"curies":[{"name":"wp","href":"https:\/\/api.w.org\/{rel}","templated":true}]}}