{"id":154,"date":"2026-04-19T16:57:47","date_gmt":"2026-04-19T14:57:47","guid":{"rendered":"https:\/\/plnatlamka.cz\/?post_type=product&#038;p=154"},"modified":"2026-04-19T17:57:37","modified_gmt":"2026-04-19T15:57:37","slug":"growth-booster-granule-velikost-l-65g","status":"publish","type":"product","link":"https:\/\/plnatlamka.cz\/index.php\/produkt\/growth-booster-granule-velikost-l-65g\/","title":{"rendered":"GROWTH BOOSTER granule velikost L 65g"},"content":{"rendered":"<p style=\"font-weight: 400;\" data-vivaldi-translated=\"\"><b><span data-vivaldi-translated=\"\">Granule pro podporu r\u016fstu \u2013 Kompletn\u00ed a vysoce proteinov\u00e9 extrudovan\u00e9 krmivo pro akvarijn\u00ed ryby<\/span><\/b><\/p>\n<p style=\"font-weight: 400;\" data-vivaldi-translated=\"\">Growth Booster Granules je vysoce kvalitn\u00ed, kompletn\u00ed extrudovan\u00e9 krmivo speci\u00e1ln\u011b vytvo\u0159en\u00e9 pro v\u0161echny druhy akvarijn\u00edch ryb vy\u017eaduj\u00edc\u00edch vy\u0161\u0161\u00ed obsah masa. Toto krmivo je ide\u00e1ln\u00ed pro ryby, jako jsou skal\u00e1ry, ter\u010dovci, cichlidy, sumci a dokonce i mo\u0159sk\u00e9 druhy. D\u00edky pe\u010dliv\u011b vybran\u00fdm ingredienc\u00edm podporuje zdrav\u00fd r\u016fst, poskytuje nezbytnou energii a podporuje celkov\u00e9 zdrav\u00ed ryb.<\/p>\n<p style=\"font-weight: 400;\" data-vivaldi-translated=\"\"><b><span data-vivaldi-translated=\"\">Vysok\u00fd proteinov\u00fd vzorec \u2013 Zdroj energie a rychl\u00fd r\u016fst<\/span><\/b><\/p>\n<p style=\"font-weight: 400;\" data-vivaldi-translated=\"\">Granule pro podporu r\u016fstu se vyzna\u010duj\u00ed vysok\u00fdm obsahem b\u00edlkovin, co\u017e je kl\u00ed\u010dov\u00fd zdroj stavebn\u00edch kamen\u016f pro svaly a r\u016fst. D\u00edky tomu jsou ide\u00e1ln\u00ed pro podporu v\u00fdvoje mlad\u00fdch ryb a udr\u017een\u00ed optim\u00e1ln\u00ed kondice u dosp\u011bl\u00fdch ryb.<\/p>\n<p style=\"font-weight: 400;\" data-vivaldi-translated=\"\"><b><span data-vivaldi-translated=\"\">Bohat\u00e9 na Omega-3 a \u017eiviny<\/span><\/b><\/p>\n<p style=\"font-weight: 400;\" data-vivaldi-translated=\"\">Pelety obsahuj\u00ed omega-3 mastn\u00e9 kyseliny, kter\u00e9 posiluj\u00ed imunitu ryb, podporuj\u00ed spr\u00e1vnou funkci srdce a nervov\u00e9ho syst\u00e9mu a p\u0159isp\u00edvaj\u00ed ke kr\u00e1sn\u00e9mu zbarven\u00ed. D\u00edky zdrav\u00e9mu obsahu tuku poskytuje krmivo ryb\u00e1m energii po cel\u00fd den.<\/p>\n<p style=\"font-weight: 400;\" data-vivaldi-translated=\"\"><b><span data-vivaldi-translated=\"\">Vysok\u00fd obsah vitam\u00edn\u016f a miner\u00e1l\u016f<\/span><\/b><\/p>\n<p style=\"font-weight: 400;\" data-vivaldi-translated=\"\">Growth Booster Granule jsou bohat\u00e9 na kl\u00ed\u010dov\u00e9 vitam\u00edny, kter\u00e9 podporuj\u00ed imunitu, zdrav\u00fd v\u00fdvoj kost\u00ed, zlep\u0161uj\u00ed metabolismus a pom\u00e1haj\u00ed p\u0159i regeneraci tk\u00e1n\u00ed. P\u0159\u00edtomnost stopov\u00fdch prvk\u016f a makro\u017eivin, jako je \u017eelezo, zinek a v\u00e1pn\u00edk, d\u00e1le posiluje ryby a p\u0159edch\u00e1z\u00ed nedostatk\u016fm.<\/p>\n<p style=\"font-weight: 400;\" data-vivaldi-translated=\"\"><b><span data-vivaldi-translated=\"\">Sv\u011btlo, m\u011bkk\u00e1 konzistence a \u010dist\u00e1 voda<\/span><\/b><\/p>\n<p style=\"font-weight: 400;\" data-vivaldi-translated=\"\">Granule maj\u00ed snadno stravitelnou, m\u011bkkou strukturu, kter\u00e1 usnad\u0148uje tr\u00e1ven\u00ed a sni\u017euje riziko za\u017e\u00edvac\u00edch pot\u00ed\u017e\u00ed. T\u00edm se zabr\u00e1n\u00ed tomu, aby potrava zne\u010di\u0161\u0165ovala vodu a rychle se rozpadla, co\u017e pom\u00e1h\u00e1 udr\u017eet akv\u00e1rium \u010dist\u00e9 d\u00e9le.<\/p>\n<p style=\"font-weight: 400;\" data-vivaldi-translated=\"\"><b><span data-vivaldi-translated=\"\">Ide\u00e1ln\u00ed pro n\u00e1ro\u010dn\u00e9 druhy<\/span><\/b><\/p>\n<p style=\"font-weight: 400;\" data-vivaldi-translated=\"\">Granule pro podporu r\u016fstu jsou vynikaj\u00edc\u00ed volbou pro sladkovodn\u00ed i mo\u0159sk\u00e9 ryby. Jejich slo\u017een\u00ed s vysok\u00fdm obsahem masa spl\u0148uje po\u017eadavky i t\u011bch nejn\u00e1ro\u010dn\u011bj\u0161\u00edch druh\u016f, podporuje jejich r\u016fst, zdrav\u00ed a z\u00e1\u0159iv\u00e9 zbarven\u00ed.<\/p>\n<p style=\"font-weight: 400;\" data-vivaldi-translated=\"\">Postarejte se o zdrav\u00ed, energii a v\u00fdvoj sv\u00fdch ryb s Growth Booster Granules \u2013, vyv\u00e1\u017een\u00fdm pr\u00e9miov\u00fdm j\u00eddlem, kter\u00e9 poskytuje optim\u00e1ln\u00ed d\u00e1vku b\u00edlkovin, vitam\u00edn\u016f, miner\u00e1l\u016f a Omega-3.<\/p>\n<p style=\"font-weight: 400;\" data-vivaldi-translated=\"\"><b><span data-vivaldi-translated=\"\">Slo\u017een\u00ed<\/span><\/b>\u00a0<span data-vivaldi-translated=\"\">: ryb\u00ed mou\u010dka, obiloviny, pivovarsk\u00e9 kvasnice, ryb\u00ed olej, mou\u010dka z mo\u0159sk\u00fdch \u0159as.<\/span><\/p>\n<p style=\"font-weight: 400;\" data-vivaldi-translated=\"\"><span data-vivaldi-translated=\"\"><b>Analytick\u00e9 slo\u017eky:<\/b>\u00a0b\u00edlkoviny 60%, obsah tuku 9,5%, anorganick\u00e9 l\u00e1tky 10%, hrub\u00e1 vl\u00e1knina 1%.<\/span><\/p>\n<p style=\"font-weight: 400;\" data-vivaldi-translated=\"\"><b><span data-vivaldi-translated=\"\">Dopl\u0148kov\u00e9 l\u00e1tky v krmivech \/ kg<\/span><\/b>\u00a0<span data-vivaldi-translated=\"\">: vitam\u00edny: A (3a672a) 32000 IU, C (3a300) 240 mg, D3 (3a671) 2400 IU; barvy: astaxanthin (2a161j) 75 mg; stopov\u00e9 prvky: Fe (3b103) 38 mg, Mn (3b502) 50 mg, Zn (3b603) 48 mg; s antioxidanty.<\/span><\/p>\n<p style=\"font-weight: 400;\" data-vivaldi-translated=\"\"><b><span data-vivaldi-translated=\"\">Mno\u017estv\u00ed krmiva:<\/span><\/b>\u00a0<span data-vivaldi-translated=\"\">Krmte sv\u00e9 ryby 2-3 kr\u00e1t denn\u011b tolik, kolik mohou konzumovat b\u011bhem 20 minut. Nekrmte sv\u00e9 ryby nadm\u011brn\u011b.<\/span><\/p>\n<p style=\"font-weight: 400;\" data-vivaldi-translated=\"\"><b><span data-vivaldi-translated=\"\">Ne pro lidskou spot\u0159ebu! UCHOV\u00c1VEJTE NA CHLADN\u00c9M A SUCH\u00c9M M\u00cdST\u011a!<\/span><\/b><\/p>\n<p style=\"font-weight: 400;\" data-vivaldi-translated=\"\"><b><span data-vivaldi-translated=\"\">Velikost L &#8211; 1,1-1,5 mm ide\u00e1ln\u00ed pro st\u0159edn\u011b velk\u00e9 ryby, velmi obl\u00edben\u00e1 velikost granul\u00ed obvykle pova\u017eov\u00e1na za standard<\/span><\/b><\/p>\n","protected":false},"excerpt":{"rendered":"<p>Granule s vy\u0161\u0161\u00edm obsahem masa, pro podporu r\u016fstu a zdrav\u00ed st\u0159edn\u00edch ryb &#8211; skal\u00e1ry, Ter\u010dovci, Cichlidy<br \/>\nVelikost 1,1 &#8211; 1,5 mm<\/p>\n","protected":false},"featured_media":155,"comment_status":"open","ping_status":"closed","template":"","meta":{"site-sidebar-layout":"default","site-content-layout":"","ast-site-content-layout":"default","site-content-style":"default","site-sidebar-style":"default","ast-global-header-display":"","ast-banner-title-visibility":"","ast-main-header-display":"","ast-hfb-above-header-display":"","ast-hfb-below-header-display":"","ast-hfb-mobile-header-display":"","site-post-title":"","ast-breadcrumbs-content":"","ast-featured-img":"","footer-sml-layout":"","ast-disable-related-posts":"","theme-transparent-header-meta":"default","adv-header-id-meta":"","stick-header-meta":"","header-above-stick-meta":"","header-main-stick-meta":"","header-below-stick-meta":"","astra-migrate-meta-layouts":"set","ast-page-background-enabled":"default","ast-page-background-meta":{"desktop":{"background-color":"var(--ast-global-color-5)","background-image":"","background-repeat":"repeat","background-position":"center center","background-size":"auto","background-attachment":"scroll","background-type":"","background-media":"","overlay-type":"","overlay-color":"","overlay-opacity":"","overlay-gradient":""},"tablet":{"background-color":"","background-image":"","background-repeat":"repeat","background-position":"center center","background-size":"auto","background-attachment":"scroll","background-type":"","background-media":"","overlay-type":"","overlay-color":"","overlay-opacity":"","overlay-gradient":""},"mobile":{"background-color":"","background-image":"","background-repeat":"repeat","background-position":"center center","background-size":"auto","background-attachment":"scroll","background-type":"","background-media":"","overlay-type":"","overlay-color":"","overlay-opacity":"","overlay-gradient":""}},"ast-content-background-meta":{"desktop":{"background-color":"var(--ast-global-color-4)","background-image":"","background-repeat":"repeat","background-position":"center center","background-size":"auto","background-attachment":"scroll","background-type":"","background-media":"","overlay-type":"","overlay-color":"","overlay-opacity":"","overlay-gradient":""},"tablet":{"background-color":"var(--ast-global-color-4)","background-image":"","background-repeat":"repeat","background-position":"center center","background-size":"auto","background-attachment":"scroll","background-type":"","background-media":"","overlay-type":"","overlay-color":"","overlay-opacity":"","overlay-gradient":""},"mobile":{"background-color":"var(--ast-global-color-4)","background-image":"","background-repeat":"repeat","background-position":"center center","background-size":"auto","background-attachment":"scroll","background-type":"","background-media":"","overlay-type":"","overlay-color":"","overlay-opacity":"","overlay-gradient":""}}},"product_brand":[],"product_cat":[31],"product_tag":[],"class_list":{"0":"post-154","1":"product","2":"type-product","3":"status-publish","4":"has-post-thumbnail","6":"product_cat-univerzalni-granule","7":"desktop-align-left","8":"tablet-align-left","9":"mobile-align-left","11":"first","12":"instock","13":"shipping-taxable","14":"purchasable","15":"product-type-simple"},"_links":{"self":[{"href":"https:\/\/plnatlamka.cz\/index.php\/wp-json\/wp\/v2\/product\/154","targetHints":{"allow":["GET"]}}],"collection":[{"href":"https:\/\/plnatlamka.cz\/index.php\/wp-json\/wp\/v2\/product"}],"about":[{"href":"https:\/\/plnatlamka.cz\/index.php\/wp-json\/wp\/v2\/types\/product"}],"replies":[{"embeddable":true,"href":"https:\/\/plnatlamka.cz\/index.php\/wp-json\/wp\/v2\/comments?post=154"}],"wp:featuredmedia":[{"embeddable":true,"href":"https:\/\/plnatlamka.cz\/index.php\/wp-json\/wp\/v2\/media\/155"}],"wp:attachment":[{"href":"https:\/\/plnatlamka.cz\/index.php\/wp-json\/wp\/v2\/media?parent=154"}],"wp:term":[{"taxonomy":"product_brand","embeddable":true,"href":"https:\/\/plnatlamka.cz\/index.php\/wp-json\/wp\/v2\/product_brand?post=154"},{"taxonomy":"product_cat","embeddable":true,"href":"https:\/\/plnatlamka.cz\/index.php\/wp-json\/wp\/v2\/product_cat?post=154"},{"taxonomy":"product_tag","embeddable":true,"href":"https:\/\/plnatlamka.cz\/index.php\/wp-json\/wp\/v2\/product_tag?post=154"}],"curies":[{"name":"wp","href":"https:\/\/api.w.org\/{rel}","templated":true}]}}