{"id":156,"date":"2026-04-19T17:08:06","date_gmt":"2026-04-19T15:08:06","guid":{"rendered":"https:\/\/plnatlamka.cz\/?post_type=product&#038;p=156"},"modified":"2026-04-19T17:08:26","modified_gmt":"2026-04-19T15:08:26","slug":"patentka-mekke-granule-75g","status":"publish","type":"product","link":"https:\/\/plnatlamka.cz\/index.php\/produkt\/patentka-mekke-granule-75g\/","title":{"rendered":"PATENTKA m\u011bkk\u00e9 granule 75g"},"content":{"rendered":"<h1 data-vivaldi-translated=\"\">PATENTKA M\u011bkk\u00e9 Granule \u2013 m\u011bkk\u00e9, vysoce b\u00edlkovinn\u00e9 krmivo pro okrasn\u00e9 ryby<\/h1>\n<p data-vivaldi-translated=\"\">Kompletn\u00ed, snadno straviteln\u00e9 a v\u00fdjime\u010dn\u011b chutn\u00e9 pr\u00e9miov\u00e9 krmivo pro v\u0161echny druhy okrasn\u00fdch ryb. BLOODWORM SOFT Granule je pe\u010dliv\u011b formulovan\u00e1 sm\u011bs m\u011bkk\u00fdch granul\u00ed, kter\u00e9 se nerozpadaj\u00ed ve vod\u011b ani nezne\u010di\u0161\u0165uj\u00ed akv\u00e1rium, a poskytuj\u00ed tak va\u0161im ryb\u00e1m ide\u00e1ln\u00ed \u017eivotn\u00ed podm\u00ednky.<\/p>\n<p data-vivaldi-translated=\"\">Kl\u00ed\u010dov\u00e9 v\u00fdhody:<\/p>\n<p data-vivaldi-translated=\"\">Vysoce vst\u0159ebateln\u00e9 a snadno straviteln\u00e9<\/p>\n<p data-vivaldi-translated=\"\">D\u00edky pou\u017eit\u00ed vysoce kvalitn\u00ed mou\u010dky z olihn\u00ed, ryb\u00ed mou\u010dky a r\u00fd\u017eov\u00e9ho proteinu je potrava snadno straviteln\u00e1 a nezat\u011b\u017euje tr\u00e1vic\u00ed syst\u00e9m ryb \u2013 ide\u00e1ln\u00ed i pro choulostiv\u011bj\u0161\u00ed druhy.<\/p>\n<p data-vivaldi-translated=\"\">P\u0159\u00edrodn\u00ed obsah patentek<\/p>\n<p data-vivaldi-translated=\"\">P\u0159\u00eddavek su\u0161en\u00fdch patentek obohacuje ryb\u00ed stravu o p\u0159irozen\u00fd zdroj \u017eivo\u010di\u0161n\u00fdch b\u00edlkovin, zlep\u0161uje chutnost potravy a povzbuzuje k j\u00eddlu i vyb\u00edrav\u00e9 jedl\u00edky.<\/p>\n<p data-vivaldi-translated=\"\">Bohat\u00e9 na \u017eiviny<\/p>\n<p data-vivaldi-translated=\"\">Obsahuje kril, lososov\u00fd olej a mouku z kor\u00fd\u0161\u016f \u2013 cenn\u00fdch zdroj\u016f Omega-3 mastn\u00fdch kyselin a aminokyselin, kter\u00e9 podporuj\u00ed imunitu, vitalitu a intenzivn\u00ed zbarven\u00ed ryb.<\/p>\n<p data-vivaldi-translated=\"\">P\u0159\u00edrodn\u00ed \u0159asy Ascophyllum nodosum<\/p>\n<p data-vivaldi-translated=\"\">Podporuj\u00ed detoxikaci t\u011bla, zlep\u0161uj\u00ed metabolismus a posiluj\u00ed imunitn\u00ed syst\u00e9m.<\/p>\n<p data-vivaldi-translated=\"\">Pos\u00edlen\u00ed imunity a zdrav\u00ed ryb<\/p>\n<p data-vivaldi-translated=\"\">D\u00edky aditiv\u016fm, jako jsou Beta Glucan, Mannan-oligosacharidy (MOS), prebiotika a probiotika, granule BLOODWORM SOFT podporuj\u00ed zdravou st\u0159evn\u00ed mikrofl\u00f3ru a p\u0159irozenou imunitu ryb.<\/p>\n<p data-vivaldi-translated=\"\">Intenzivn\u00ed, p\u0159\u00edrodn\u00ed zbarven\u00ed<\/p>\n<p data-vivaldi-translated=\"\">P\u0159\u00edtomnost astaxanthinu, beta-karotenu, kanthaxanthinu a karotenoid\u016f z \u010derven\u00e9 papriky zesiluje barvy ryb, zejm\u00e9na \u010derven\u00e9, oran\u017eov\u00e9 a \u017elut\u00e9.<\/p>\n<p data-vivaldi-translated=\"\">Vyv\u00e1\u017een\u00e1 sada vitam\u00edn\u016f a mikroelement\u016f<\/p>\n<p data-vivaldi-translated=\"\">Vitam\u00edny A, C a D3 a stopov\u00e9 prvky (\u017eelezo, mangan, zinek) zaji\u0161\u0165uj\u00ed spr\u00e1vn\u00fd v\u00fdvoj, zdrav\u00e9 kosti, leskl\u00e9 \u0161upiny a celkov\u00fd stav ryb.<\/p>\n<p data-vivaldi-translated=\"\">Anal\u00fdza slo\u017een\u00ed:<\/p>\n<p data-vivaldi-translated=\"\">Surov\u00fd protein: 47% \u2013 podporuje r\u016fst a regeneraci sval\u016f<\/p>\n<p data-vivaldi-translated=\"\">Surov\u00fd tuk: 10% \u2013 zdroj energie a nenasycen\u00e9 mastn\u00e9 kyseliny<\/p>\n<p data-vivaldi-translated=\"\">Surov\u00e1 vl\u00e1knina: 2,3% \u2013 napom\u00e1h\u00e1 tr\u00e1ven\u00ed<\/p>\n<p data-vivaldi-translated=\"\">Surov\u00fd popel: 9% \u2013 zdroj miner\u00e1l\u016f<\/p>\n<p data-vivaldi-translated=\"\">Doporu\u010den\u00ed t\u00fdkaj\u00edc\u00ed se krmen\u00ed:<\/p>\n<p data-vivaldi-translated=\"\">Krmte 2\u20133kr\u00e1t denn\u011b, tolik, kolik va\u0161e ryby zkonzumuj\u00ed do 30 minut. Vyhn\u011bte se p\u0159ekrmov\u00e1n\u00ed, abyste udr\u017eeli vysokou kvalitu vody.<\/p>\n","protected":false},"excerpt":{"rendered":"<p>Krmivo, vhodn\u00e9 pro choulostiv\u011bj\u0161\u00ed druhy ryb, s obsahem patentky. Pom\u00e1h\u00e1 zv\u00fdraznit barvy ryb<\/p>\n","protected":false},"featured_media":157,"comment_status":"open","ping_status":"closed","template":"","meta":{"site-sidebar-layout":"default","site-content-layout":"","ast-site-content-layout":"default","site-content-style":"default","site-sidebar-style":"default","ast-global-header-display":"","ast-banner-title-visibility":"","ast-main-header-display":"","ast-hfb-above-header-display":"","ast-hfb-below-header-display":"","ast-hfb-mobile-header-display":"","site-post-title":"","ast-breadcrumbs-content":"","ast-featured-img":"","footer-sml-layout":"","ast-disable-related-posts":"","theme-transparent-header-meta":"default","adv-header-id-meta":"","stick-header-meta":"","header-above-stick-meta":"","header-main-stick-meta":"","header-below-stick-meta":"","astra-migrate-meta-layouts":"set","ast-page-background-enabled":"default","ast-page-background-meta":{"desktop":{"background-color":"var(--ast-global-color-5)","background-image":"","background-repeat":"repeat","background-position":"center center","background-size":"auto","background-attachment":"scroll","background-type":"","background-media":"","overlay-type":"","overlay-color":"","overlay-opacity":"","overlay-gradient":""},"tablet":{"background-color":"","background-image":"","background-repeat":"repeat","background-position":"center center","background-size":"auto","background-attachment":"scroll","background-type":"","background-media":"","overlay-type":"","overlay-color":"","overlay-opacity":"","overlay-gradient":""},"mobile":{"background-color":"","background-image":"","background-repeat":"repeat","background-position":"center center","background-size":"auto","background-attachment":"scroll","background-type":"","background-media":"","overlay-type":"","overlay-color":"","overlay-opacity":"","overlay-gradient":""}},"ast-content-background-meta":{"desktop":{"background-color":"var(--ast-global-color-4)","background-image":"","background-repeat":"repeat","background-position":"center center","background-size":"auto","background-attachment":"scroll","background-type":"","background-media":"","overlay-type":"","overlay-color":"","overlay-opacity":"","overlay-gradient":""},"tablet":{"background-color":"var(--ast-global-color-4)","background-image":"","background-repeat":"repeat","background-position":"center center","background-size":"auto","background-attachment":"scroll","background-type":"","background-media":"","overlay-type":"","overlay-color":"","overlay-opacity":"","overlay-gradient":""},"mobile":{"background-color":"var(--ast-global-color-4)","background-image":"","background-repeat":"repeat","background-position":"center center","background-size":"auto","background-attachment":"scroll","background-type":"","background-media":"","overlay-type":"","overlay-color":"","overlay-opacity":"","overlay-gradient":""}}},"product_brand":[],"product_cat":[31],"product_tag":[],"class_list":{"0":"post-156","1":"product","2":"type-product","3":"status-publish","4":"has-post-thumbnail","6":"product_cat-univerzalni-granule","7":"desktop-align-left","8":"tablet-align-left","9":"mobile-align-left","11":"first","12":"instock","13":"shipping-taxable","14":"purchasable","15":"product-type-simple"},"_links":{"self":[{"href":"https:\/\/plnatlamka.cz\/index.php\/wp-json\/wp\/v2\/product\/156","targetHints":{"allow":["GET"]}}],"collection":[{"href":"https:\/\/plnatlamka.cz\/index.php\/wp-json\/wp\/v2\/product"}],"about":[{"href":"https:\/\/plnatlamka.cz\/index.php\/wp-json\/wp\/v2\/types\/product"}],"replies":[{"embeddable":true,"href":"https:\/\/plnatlamka.cz\/index.php\/wp-json\/wp\/v2\/comments?post=156"}],"wp:featuredmedia":[{"embeddable":true,"href":"https:\/\/plnatlamka.cz\/index.php\/wp-json\/wp\/v2\/media\/157"}],"wp:attachment":[{"href":"https:\/\/plnatlamka.cz\/index.php\/wp-json\/wp\/v2\/media?parent=156"}],"wp:term":[{"taxonomy":"product_brand","embeddable":true,"href":"https:\/\/plnatlamka.cz\/index.php\/wp-json\/wp\/v2\/product_brand?post=156"},{"taxonomy":"product_cat","embeddable":true,"href":"https:\/\/plnatlamka.cz\/index.php\/wp-json\/wp\/v2\/product_cat?post=156"},{"taxonomy":"product_tag","embeddable":true,"href":"https:\/\/plnatlamka.cz\/index.php\/wp-json\/wp\/v2\/product_tag?post=156"}],"curies":[{"name":"wp","href":"https:\/\/api.w.org\/{rel}","templated":true}]}}